{"id":536,"date":"2019-12-02T20:23:18","date_gmt":"2019-12-02T20:23:18","guid":{"rendered":"https:\/home\/395504.cloudwaysapps.com\/awsnbfjzrv\/public_html\/wordpress-395504-1244441.cloudwaysapps.com\/conseil-touristique\/"},"modified":"2025-09-24T13:56:03","modified_gmt":"2025-09-24T13:56:03","slug":"experiences-de-voyage","status":"publish","type":"page","link":"https:\/\/itervitis.eu\/fr\/experiences-de-voyage\/","title":{"rendered":"Exp\u00e9riences de voyage"},"content":{"rendered":"\n<div class=\"wp-block-genesis-blocks-gb-columns gb-layout-columns-1 one-column alignwide\"><div class=\"gb-layout-column-wrap gb-block-layout-column-gap-2 gb-is-responsive-column\">\n<div class=\"wp-block-genesis-blocks-gb-column gb-block-layout-column\"><div class=\"gb-block-layout-column-inner\">\n<div id=\"mapsvg-592\" data-id=\"592\" class=\"mapsvg\" data-autoload=\"true\" data-load-db=\"true\" data-loading-text=\"Loading map...\" style=\"width: 100%; height: 0; padding-bottom: 57%\"><\/div>\n<\/div><\/div>\n<\/div><\/div>\n\n<div style=\"color:#ddd\" class=\"wp-block-genesis-blocks-gb-spacer no-mobile gb-block-spacer gb-divider-solid gb-divider-size-1\"><hr style=\"height:30px\"\/><\/div><br>\n\n<div class=\"wp-block-genesis-blocks-gb-columns gb-layout-columns-1 one-column alignwide\"><div class=\"gb-layout-column-wrap gb-block-layout-column-gap-2 gb-is-responsive-column\">\n<div class=\"wp-block-genesis-blocks-gb-column gb-block-layout-column\"><div class=\"gb-block-layout-column-inner\">\n<p>Un voyageur voyageant \u00e0 travers l&rsquo;Europe d&rsquo;est en ouest pourrait suivre un itin\u00e9raire le long d&rsquo;un <em>\u00ab\u00a0chemin de beaut\u00e9 et de bont\u00e9\u00a0\u00bb<\/em> qui le conduirait de la G\u00e9orgie \u00e0 l&rsquo;\u00eele de Pico aux A\u00e7ores. Au cours de ce voyage, il reconna\u00eetra dans les paysages viticoles l&rsquo;expression d&rsquo;une identit\u00e9 culturelle du vieux continent.<\/p>\n\n\n\n<p>Iter Vitis &#8211; Les chemins de la vigne sont le fil conducteur qui unit ces lieux, la repr\u00e9sentation de la vigne et son histoire mill\u00e9naire qui traverse toutes les fronti\u00e8res g\u00e9ographiques, la route menant \u00e0 la d\u00e9couverte de lieux \u00e9vocateurs, changeant \u00e0 chaque saison, faits de tangibles et patrimoine immat\u00e9riel au charme extraordinaire.<\/p>\n\n\n\n<p>Les vignobles de Gaillac et Banyuls en France, la culture en terrasses de la c\u00f4te amalfitaine ou des Cinque Terre, les anciens c\u00e9pages de Melissa et de la Valle del Belice en Italie, le charme des vignobles grecs Les \u00eeles de la mer \u00c9g\u00e9e, le pays du vin de l&rsquo;orient europ\u00e9en, de la Slov\u00e9nie \u00e0 la R\u00e9publique de Mac\u00e9doine, de la Hongrie \u00e0 la Moldavie et \u00e0 la Roumanie, de la G\u00e9orgie \u00e0 l&rsquo;Azerba\u00efdjan, les paysages de vignobles de l&rsquo;Espagne au Portugal t\u00e9moignent d&rsquo;une richesse d&rsquo;environnements qui m\u00e9rite \u00e0 visiter et \u00e0 vivre.<\/p>\n\n\n\n<p>L&rsquo;esprit d&rsquo;Iter Vitis est celui d&rsquo;unir dans un \u00abvoyage global\u00bb les signes de cet extraordinaire patrimoine ancien et moderne fait de c\u00e9pages, de formes de culture, de techniques et d&rsquo;outils culturels, d&rsquo;architectures, de langues et d&rsquo;histoires des communaut\u00e9s viticoles europ\u00e9ennes, tout en choisir de donner de l&rsquo;espace \u00e0 des r\u00e9alit\u00e9s moins connues et presque inconnues.<\/p>\n<\/div><\/div>\n<\/div><\/div>\n\n<div class=\"wp-block-genesis-blocks-gb-columns gb-layout-columns-1 one-column alignwide\"><div class=\"gb-layout-column-wrap gb-block-layout-column-gap-2 gb-is-responsive-column\">\n<div class=\"wp-block-genesis-blocks-gb-column gb-block-layout-column\"><div class=\"gb-block-layout-column-inner\">\n<h2 class=\"wp-block-heading\"> Les derni\u00e8res exp\u00e9riences<\/h2>\n<\/div><\/div>\n<\/div><\/div>\n\n<div style=\"color:#ddd\" class=\"wp-block-genesis-blocks-gb-spacer no-mobile gb-block-spacer gb-divider-solid gb-divider-size-1\"><hr style=\"height:30px\"\/><\/div><br>\n<section class=\"gb-block-post-grid featuredpost alignwide\"><div class=\"gb-post-grid-items is-grid columns-3\"><article id=\"post-1429\" class=\"gb-post-grid-item post-1429 post type-post status-publish format-standard has-post-thumbnail category-experiences category-italy entry\"><div class=\"gb-block-post-grid-image\"><a href=\"https:\/\/itervitis.eu\/fr\/opened-the-mediterranean-vineyard-the-new-project-by-tenute-orestiadi-and-cantine-ermes\/\" rel=\"bookmark\" aria-hidden=\"true\" tabindex=\"-1\"><img decoding=\"async\" width=\"1920\" height=\"1080\" data-src=\"https:\/\/itervitis.eu\/wp-content\/uploads\/2020\/07\/Mediterranean_Vineyard.jpg\" class=\"attachment-full size-full lazyload\" alt=\"\" data-srcset=\"https:\/\/itervitis.eu\/wp-content\/uploads\/2020\/07\/Mediterranean_Vineyard.jpg 1920w, https:\/\/itervitis.eu\/wp-content\/uploads\/2020\/07\/Mediterranean_Vineyard-300x169.jpg 300w, https:\/\/itervitis.eu\/wp-content\/uploads\/2020\/07\/Mediterranean_Vineyard-1024x576.jpg 1024w, https:\/\/itervitis.eu\/wp-content\/uploads\/2020\/07\/Mediterranean_Vineyard-768x432.jpg 768w, https:\/\/itervitis.eu\/wp-content\/uploads\/2020\/07\/Mediterranean_Vineyard-1536x864.jpg 1536w\" data-sizes=\"(max-width: 1920px) 100vw, 1920px\" src=\"data:image\/svg+xml;base64,PHN2ZyB3aWR0aD0iMSIgaGVpZ2h0PSIxIiB4bWxucz0iaHR0cDovL3d3dy53My5vcmcvMjAwMC9zdmciPjwvc3ZnPg==\" style=\"--smush-placeholder-width: 1920px; --smush-placeholder-aspect-ratio: 1920\/1080;\" \/><\/a><\/div><div class=\"gb-block-post-grid-text\"><header class=\"gb-block-post-grid-header\"><h3 class=\"gb-block-post-grid-title\"><a href=\"https:\/\/itervitis.eu\/fr\/opened-the-mediterranean-vineyard-the-new-project-by-tenute-orestiadi-and-cantine-ermes\/\" rel=\"bookmark\">Opened the Mediterranean Vineyard, the new project by Tenute Orestiadi and Cantine Ermes<\/a><\/h3><div class=\"gb-block-post-grid-byline\"><\/div><\/header><div class=\"gb-block-post-grid-excerpt\"><p><a class=\"gb-block-post-grid-more-link gb-text-link\" href=\"https:\/\/itervitis.eu\/fr\/opened-the-mediterranean-vineyard-the-new-project-by-tenute-orestiadi-and-cantine-ermes\/\" rel=\"bookmark\">Continue Reading <span class=\"screen-reader-text\">Opened the Mediterranean Vineyard, the new project by Tenute Orestiadi and Cantine Ermes<\/span><\/a><\/p><\/div><\/div><\/article>\n<article id=\"post-1406\" class=\"gb-post-grid-item post-1406 post type-post status-publish format-standard has-post-thumbnail category-experiences-fr category-luxembourg-fr category-non-classifiee entry\"><div class=\"gb-block-post-grid-image\"><a href=\"https:\/\/itervitis.eu\/fr\/decouvrez-la-region-viticole\/\" rel=\"bookmark\" aria-hidden=\"true\" tabindex=\"-1\"><img decoding=\"async\" width=\"1920\" height=\"1280\" data-src=\"https:\/\/itervitis.eu\/wp-content\/uploads\/2020\/06\/Moselle-wineregion.jpg\" class=\"attachment-full size-full lazyload\" alt=\"\" data-srcset=\"https:\/\/itervitis.eu\/wp-content\/uploads\/2020\/06\/Moselle-wineregion.jpg 1920w, https:\/\/itervitis.eu\/wp-content\/uploads\/2020\/06\/Moselle-wineregion-300x200.jpg 300w, https:\/\/itervitis.eu\/wp-content\/uploads\/2020\/06\/Moselle-wineregion-1024x683.jpg 1024w, https:\/\/itervitis.eu\/wp-content\/uploads\/2020\/06\/Moselle-wineregion-768x512.jpg 768w, https:\/\/itervitis.eu\/wp-content\/uploads\/2020\/06\/Moselle-wineregion-1536x1024.jpg 1536w, https:\/\/itervitis.eu\/wp-content\/uploads\/2020\/06\/Moselle-wineregion-600x400.jpg 600w\" data-sizes=\"(max-width: 1920px) 100vw, 1920px\" src=\"data:image\/svg+xml;base64,PHN2ZyB3aWR0aD0iMSIgaGVpZ2h0PSIxIiB4bWxucz0iaHR0cDovL3d3dy53My5vcmcvMjAwMC9zdmciPjwvc3ZnPg==\" style=\"--smush-placeholder-width: 1920px; --smush-placeholder-aspect-ratio: 1920\/1280;\" \/><\/a><\/div><div class=\"gb-block-post-grid-text\"><header class=\"gb-block-post-grid-header\"><h3 class=\"gb-block-post-grid-title\"><a href=\"https:\/\/itervitis.eu\/fr\/decouvrez-la-region-viticole\/\" rel=\"bookmark\">D\u00e9couvrez la r\u00e9gion viticole<\/a><\/h3><div class=\"gb-block-post-grid-byline\"><\/div><\/header><div class=\"gb-block-post-grid-excerpt\"><p><a class=\"gb-block-post-grid-more-link gb-text-link\" href=\"https:\/\/itervitis.eu\/fr\/decouvrez-la-region-viticole\/\" rel=\"bookmark\">Continue Reading <span class=\"screen-reader-text\">D\u00e9couvrez la r\u00e9gion viticole<\/span><\/a><\/p><\/div><\/div><\/article>\n<article id=\"post-1387\" class=\"gb-post-grid-item post-1387 post type-post status-publish format-standard has-post-thumbnail category-experiences-fr category-luxembourg-fr category-non-classifiee entry\"><div class=\"gb-block-post-grid-image\"><a href=\"https:\/\/itervitis.eu\/fr\/decouvrez-le-patrimoine-culturel\/\" rel=\"bookmark\" aria-hidden=\"true\" tabindex=\"-1\"><img decoding=\"async\" width=\"1623\" height=\"1080\" data-src=\"https:\/\/itervitis.eu\/wp-content\/uploads\/2020\/06\/bacchusfest-luxembourg.jpg\" class=\"attachment-full size-full lazyload\" alt=\"\" data-srcset=\"https:\/\/itervitis.eu\/wp-content\/uploads\/2020\/06\/bacchusfest-luxembourg.jpg 1623w, https:\/\/itervitis.eu\/wp-content\/uploads\/2020\/06\/bacchusfest-luxembourg-300x200.jpg 300w, https:\/\/itervitis.eu\/wp-content\/uploads\/2020\/06\/bacchusfest-luxembourg-1024x681.jpg 1024w, https:\/\/itervitis.eu\/wp-content\/uploads\/2020\/06\/bacchusfest-luxembourg-768x511.jpg 768w, https:\/\/itervitis.eu\/wp-content\/uploads\/2020\/06\/bacchusfest-luxembourg-1536x1022.jpg 1536w, https:\/\/itervitis.eu\/wp-content\/uploads\/2020\/06\/bacchusfest-luxembourg-600x400.jpg 600w\" data-sizes=\"(max-width: 1623px) 100vw, 1623px\" src=\"data:image\/svg+xml;base64,PHN2ZyB3aWR0aD0iMSIgaGVpZ2h0PSIxIiB4bWxucz0iaHR0cDovL3d3dy53My5vcmcvMjAwMC9zdmciPjwvc3ZnPg==\" style=\"--smush-placeholder-width: 1623px; --smush-placeholder-aspect-ratio: 1623\/1080;\" \/><\/a><\/div><div class=\"gb-block-post-grid-text\"><header class=\"gb-block-post-grid-header\"><h3 class=\"gb-block-post-grid-title\"><a href=\"https:\/\/itervitis.eu\/fr\/decouvrez-le-patrimoine-culturel\/\" rel=\"bookmark\">D\u00e9couvrez le patrimoine culturel<\/a><\/h3><div class=\"gb-block-post-grid-byline\"><\/div><\/header><div class=\"gb-block-post-grid-excerpt\"><p><a class=\"gb-block-post-grid-more-link gb-text-link\" href=\"https:\/\/itervitis.eu\/fr\/decouvrez-le-patrimoine-culturel\/\" rel=\"bookmark\">Continue Reading <span class=\"screen-reader-text\">D\u00e9couvrez le patrimoine culturel<\/span><\/a><\/p><\/div><\/div><\/article>\n<\/div><\/section>\n<div class=\"wp-block-button aligncenter\"><a class=\"wp-block-button__link no-border-radius\" href=\"https:\/\/itervitis.eu\/fr\/experiences-fr\/\">Voir toutes les exp\u00e9riences<\/a><\/div>\n","protected":false},"excerpt":{"rendered":"","protected":false},"author":4,"featured_media":0,"parent":0,"menu_order":0,"comment_status":"closed","ping_status":"closed","template":"","meta":{"inline_featured_image":false,"_genesis_hide_title":false,"_genesis_hide_breadcrumbs":false,"_genesis_hide_singular_image":false,"_genesis_hide_footer_widgets":false,"_genesis_custom_body_class":"","_genesis_custom_post_class":"","_genesis_layout":"","footnotes":""},"class_list":{"0":"post-536","1":"page","2":"type-page","3":"status-publish","5":"entry"},"yoast_head":"<!-- This site is optimized with the Yoast SEO plugin v27.2 - https:\/\/yoast.com\/product\/yoast-seo-wordpress\/ -->\n<title>Exp\u00e9riences de voyage - Itervitis<\/title>\n<meta name=\"robots\" content=\"index, follow, max-snippet:-1, max-image-preview:large, max-video-preview:-1\" \/>\n<link rel=\"canonical\" href=\"https:\/\/itervitis.eu\/fr\/experiences-de-voyage\/\" \/>\n<meta property=\"og:locale\" content=\"fr_FR\" \/>\n<meta property=\"og:type\" content=\"article\" \/>\n<meta property=\"og:title\" content=\"Exp\u00e9riences de voyage - Itervitis\" \/>\n<meta property=\"og:url\" content=\"https:\/\/itervitis.eu\/fr\/experiences-de-voyage\/\" \/>\n<meta property=\"og:site_name\" content=\"Itervitis\" \/>\n<meta property=\"article:modified_time\" content=\"2025-09-24T13:56:03+00:00\" \/>\n<meta name=\"twitter:card\" content=\"summary_large_image\" \/>\n<meta name=\"twitter:label1\" content=\"Dur\u00e9e de lecture estim\u00e9e\" \/>\n\t<meta name=\"twitter:data1\" content=\"1 minute\" \/>\n<script type=\"application\/ld+json\" class=\"yoast-schema-graph\">{\"@context\":\"https:\/\/schema.org\",\"@graph\":[{\"@type\":\"WebPage\",\"@id\":\"https:\/\/itervitis.eu\/fr\/experiences-de-voyage\/\",\"url\":\"https:\/\/itervitis.eu\/fr\/experiences-de-voyage\/\",\"name\":\"Exp\u00e9riences de voyage - Itervitis\",\"isPartOf\":{\"@id\":\"https:\/\/itervitis.eu\/fr\/#website\"},\"datePublished\":\"2019-12-02T20:23:18+00:00\",\"dateModified\":\"2025-09-24T13:56:03+00:00\",\"breadcrumb\":{\"@id\":\"https:\/\/itervitis.eu\/fr\/experiences-de-voyage\/#breadcrumb\"},\"inLanguage\":\"fr-FR\",\"potentialAction\":[{\"@type\":\"ReadAction\",\"target\":[\"https:\/\/itervitis.eu\/fr\/experiences-de-voyage\/\"]}]},{\"@type\":\"BreadcrumbList\",\"@id\":\"https:\/\/itervitis.eu\/fr\/experiences-de-voyage\/#breadcrumb\",\"itemListElement\":[{\"@type\":\"ListItem\",\"position\":1,\"name\":\"Home\",\"item\":\"https:\/\/itervitis.eu\/fr\/\"},{\"@type\":\"ListItem\",\"position\":2,\"name\":\"Exp\u00e9riences de voyage\"}]},{\"@type\":\"WebSite\",\"@id\":\"https:\/\/itervitis.eu\/fr\/#website\",\"url\":\"https:\/\/itervitis.eu\/fr\/\",\"name\":\"Itervitis\",\"description\":\"Les Chemins de la Vigne\",\"publisher\":{\"@id\":\"https:\/\/itervitis.eu\/fr\/#organization\"},\"potentialAction\":[{\"@type\":\"SearchAction\",\"target\":{\"@type\":\"EntryPoint\",\"urlTemplate\":\"https:\/\/itervitis.eu\/fr\/?s={search_term_string}\"},\"query-input\":{\"@type\":\"PropertyValueSpecification\",\"valueRequired\":true,\"valueName\":\"search_term_string\"}}],\"inLanguage\":\"fr-FR\"},{\"@type\":\"Organization\",\"@id\":\"https:\/\/itervitis.eu\/fr\/#organization\",\"name\":\"Itervitis\",\"url\":\"https:\/\/itervitis.eu\/fr\/\",\"logo\":{\"@type\":\"ImageObject\",\"inLanguage\":\"fr-FR\",\"@id\":\"https:\/\/itervitis.eu\/fr\/#\/schema\/logo\/image\/\",\"url\":\"https:\/\/itervitis.eu\/wp-content\/uploads\/2020\/02\/itervitis-logo.png\",\"contentUrl\":\"https:\/\/itervitis.eu\/wp-content\/uploads\/2020\/02\/itervitis-logo.png\",\"width\":980,\"height\":1110,\"caption\":\"Itervitis\"},\"image\":{\"@id\":\"https:\/\/itervitis.eu\/fr\/#\/schema\/logo\/image\/\"}}]}<\/script>\n<!-- \/ Yoast SEO plugin. -->","yoast_head_json":{"title":"Exp\u00e9riences de voyage - Itervitis","robots":{"index":"index","follow":"follow","max-snippet":"max-snippet:-1","max-image-preview":"max-image-preview:large","max-video-preview":"max-video-preview:-1"},"canonical":"https:\/\/itervitis.eu\/fr\/experiences-de-voyage\/","og_locale":"fr_FR","og_type":"article","og_title":"Exp\u00e9riences de voyage - Itervitis","og_url":"https:\/\/itervitis.eu\/fr\/experiences-de-voyage\/","og_site_name":"Itervitis","article_modified_time":"2025-09-24T13:56:03+00:00","twitter_card":"summary_large_image","twitter_misc":{"Dur\u00e9e de lecture estim\u00e9e":"1 minute"},"schema":{"@context":"https:\/\/schema.org","@graph":[{"@type":"WebPage","@id":"https:\/\/itervitis.eu\/fr\/experiences-de-voyage\/","url":"https:\/\/itervitis.eu\/fr\/experiences-de-voyage\/","name":"Exp\u00e9riences de voyage - Itervitis","isPartOf":{"@id":"https:\/\/itervitis.eu\/fr\/#website"},"datePublished":"2019-12-02T20:23:18+00:00","dateModified":"2025-09-24T13:56:03+00:00","breadcrumb":{"@id":"https:\/\/itervitis.eu\/fr\/experiences-de-voyage\/#breadcrumb"},"inLanguage":"fr-FR","potentialAction":[{"@type":"ReadAction","target":["https:\/\/itervitis.eu\/fr\/experiences-de-voyage\/"]}]},{"@type":"BreadcrumbList","@id":"https:\/\/itervitis.eu\/fr\/experiences-de-voyage\/#breadcrumb","itemListElement":[{"@type":"ListItem","position":1,"name":"Home","item":"https:\/\/itervitis.eu\/fr\/"},{"@type":"ListItem","position":2,"name":"Exp\u00e9riences de voyage"}]},{"@type":"WebSite","@id":"https:\/\/itervitis.eu\/fr\/#website","url":"https:\/\/itervitis.eu\/fr\/","name":"Itervitis","description":"Les Chemins de la Vigne","publisher":{"@id":"https:\/\/itervitis.eu\/fr\/#organization"},"potentialAction":[{"@type":"SearchAction","target":{"@type":"EntryPoint","urlTemplate":"https:\/\/itervitis.eu\/fr\/?s={search_term_string}"},"query-input":{"@type":"PropertyValueSpecification","valueRequired":true,"valueName":"search_term_string"}}],"inLanguage":"fr-FR"},{"@type":"Organization","@id":"https:\/\/itervitis.eu\/fr\/#organization","name":"Itervitis","url":"https:\/\/itervitis.eu\/fr\/","logo":{"@type":"ImageObject","inLanguage":"fr-FR","@id":"https:\/\/itervitis.eu\/fr\/#\/schema\/logo\/image\/","url":"https:\/\/itervitis.eu\/wp-content\/uploads\/2020\/02\/itervitis-logo.png","contentUrl":"https:\/\/itervitis.eu\/wp-content\/uploads\/2020\/02\/itervitis-logo.png","width":980,"height":1110,"caption":"Itervitis"},"image":{"@id":"https:\/\/itervitis.eu\/fr\/#\/schema\/logo\/image\/"}}]}},"featured_image_src":null,"featured_image_src_square":null,"_links":{"self":[{"href":"https:\/\/itervitis.eu\/fr\/wp-json\/wp\/v2\/pages\/536","targetHints":{"allow":["GET"]}}],"collection":[{"href":"https:\/\/itervitis.eu\/fr\/wp-json\/wp\/v2\/pages"}],"about":[{"href":"https:\/\/itervitis.eu\/fr\/wp-json\/wp\/v2\/types\/page"}],"author":[{"embeddable":true,"href":"https:\/\/itervitis.eu\/fr\/wp-json\/wp\/v2\/users\/4"}],"replies":[{"embeddable":true,"href":"https:\/\/itervitis.eu\/fr\/wp-json\/wp\/v2\/comments?post=536"}],"version-history":[{"count":9,"href":"https:\/\/itervitis.eu\/fr\/wp-json\/wp\/v2\/pages\/536\/revisions"}],"predecessor-version":[{"id":3678,"href":"https:\/\/itervitis.eu\/fr\/wp-json\/wp\/v2\/pages\/536\/revisions\/3678"}],"wp:attachment":[{"href":"https:\/\/itervitis.eu\/fr\/wp-json\/wp\/v2\/media?parent=536"}],"curies":[{"name":"wp","href":"https:\/\/api.w.org\/{rel}","templated":true}]}}