{"id":501,"date":"2019-11-06T09:28:16","date_gmt":"2019-11-06T09:28:16","guid":{"rendered":"https:\/home\/395504.cloudwaysapps.com\/awsnbfjzrv\/public_html\/wordpress-395504-1244441.cloudwaysapps.com\/contacts\/"},"modified":"2025-09-25T11:58:02","modified_gmt":"2025-09-25T11:58:02","slug":"contacts","status":"publish","type":"page","link":"https:\/\/itervitis.eu\/fr\/contacts\/","title":{"rendered":"Contacts"},"content":{"rendered":"\n<div class=\"wp-block-columns are-vertically-aligned-top is-layout-flex wp-container-core-columns-is-layout-9d6595d7 wp-block-columns-is-layout-flex\">\n<div class=\"wp-block-column is-vertically-aligned-top is-layout-flow wp-block-column-is-layout-flow\">\n<h2 class=\"wp-block-heading\">Contacts<\/h2>\n<\/div>\n\n\n\n<div class=\"wp-block-column is-vertically-aligned-top is-layout-flow wp-block-column-is-layout-flow\">\n<div style=\"height:50px\" aria-hidden=\"true\" class=\"wp-block-spacer\"><\/div>\n\n\n\n<p>*\u00a0<a href=\"mailto:info@itervitis.eu\">info@itervitis.eu<\/a><br\/>* Pec: <a href=\"mailto:itervitis@legalmail.it\">itervitis@legalmail.it<\/a><\/p>\n<\/div>\n<\/div>\n<div class=\"wpforms-container wpforms-container-full wpforms-block wpforms-block-e35dff2a-041d-45c8-a278-2360c0af4837\" id=\"wpforms-76\"><form id=\"wpforms-form-76\" class=\"wpforms-validate wpforms-form\" data-formid=\"76\" method=\"post\" enctype=\"multipart\/form-data\" action=\"\/fr\/wp-json\/wp\/v2\/pages\/501\" data-token=\"a71316768bc3896014a47182a34bc326\" data-token-time=\"1776771783\"><noscript class=\"wpforms-error-noscript\">Veuillez activer JavaScript dans votre navigateur pour remplir ce formulaire.<\/noscript><div class=\"wpforms-field-container\"><div id=\"wpforms-76-field_0-container\" class=\"wpforms-field wpforms-field-name\" data-field-id=\"0\"><label class=\"wpforms-field-label\" for=\"wpforms-76-field_0\">Intitul\u00e9 <span class=\"wpforms-required-label\">*<\/span><\/label><div class=\"wpforms-field-row wpforms-field-large\"><div class=\"wpforms-field-row-block wpforms-first wpforms-one-half\"><input type=\"text\" id=\"wpforms-76-field_0\" class=\"wpforms-field-name-first wpforms-field-required\" name=\"wpforms[fields][0][first]\" placeholder=\"Pr\u00e9nom\" required><label for=\"wpforms-76-field_0\" class=\"wpforms-field-sublabel after wpforms-sublabel-hide\">Pr\u00e9nom<\/label><\/div><div class=\"wpforms-field-row-block wpforms-one-half\"><input type=\"text\" id=\"wpforms-76-field_0-last\" class=\"wpforms-field-name-last wpforms-field-required\" name=\"wpforms[fields][0][last]\" placeholder=\"Nom\" required><label for=\"wpforms-76-field_0-last\" class=\"wpforms-field-sublabel after wpforms-sublabel-hide\">Nom<\/label><\/div><\/div><\/div><div id=\"wpforms-76-field_1-container\" class=\"wpforms-field wpforms-field-email\" data-field-id=\"1\"><label class=\"wpforms-field-label\" for=\"wpforms-76-field_1\">Adresse de contact <span class=\"wpforms-required-label\">*<\/span><\/label><input type=\"email\" id=\"wpforms-76-field_1\" class=\"wpforms-field-large wpforms-field-required\" name=\"wpforms[fields][1]\" spellcheck=\"false\" required><\/div><div id=\"wpforms-76-field_2-container\" class=\"wpforms-field wpforms-field-textarea\" data-field-id=\"2\"><label class=\"wpforms-field-label\" for=\"wpforms-76-field_2\">Votre message <span class=\"wpforms-required-label\">*<\/span><\/label><textarea id=\"wpforms-76-field_2\" class=\"wpforms-field-medium wpforms-field-required\" name=\"wpforms[fields][2]\" required><\/textarea><\/div><div id=\"wpforms-76-field_3-container\" class=\"wpforms-field wpforms-field-gdpr-checkbox\" data-field-id=\"3\"><label class=\"wpforms-field-label\">Accord GDPR <span class=\"wpforms-required-label\">*<\/span><\/label><ul id=\"wpforms-76-field_3\" class=\"wpforms-field-required\"><li class=\"choice-1\"><input type=\"checkbox\" id=\"wpforms-76-field_3_1\" name=\"wpforms[fields][3][]\" value=\"Je consens \u00e0 ce que ce site stocke mes informations envoy\u00e9es afin qu\u2019ils puissent r\u00e9pondre \u00e0 ma requ\u00eate.\" required ><label class=\"wpforms-field-label-inline\" for=\"wpforms-76-field_3_1\">Je consens \u00e0 ce que ce site stocke mes informations envoy\u00e9es afin qu\u2019ils puissent r\u00e9pondre \u00e0 ma requ\u00eate.<\/label><\/li><\/ul><\/div><\/div><!-- .wpforms-field-container --><div class=\"wpforms-field wpforms-field-hp\"><label for=\"wpforms-76-field-hp\" class=\"wpforms-field-label\">Website<\/label><input type=\"text\" name=\"wpforms[hp]\" id=\"wpforms-76-field-hp\" class=\"wpforms-field-medium\"><\/div><div class=\"wpforms-recaptcha-container wpforms-is-recaptcha wpforms-is-recaptcha-type-v2\" ><div class=\"g-recaptcha\" data-sitekey=\"6Ld_LpwUAAAAAOgJu4pgFSgbbn_hjaPY_EV4G4TS\"><\/div><input type=\"text\" name=\"g-recaptcha-hidden\" class=\"wpforms-recaptcha-hidden\" style=\"position:absolute!important;clip:rect(0,0,0,0)!important;height:1px!important;width:1px!important;border:0!important;overflow:hidden!important;padding:0!important;margin:0!important;\" data-rule-recaptcha=\"1\"><\/div><div class=\"wpforms-submit-container\" ><input type=\"hidden\" name=\"wpforms[id]\" value=\"76\"><input type=\"hidden\" name=\"page_title\" value=\"\"><input type=\"hidden\" name=\"page_url\" value=\"https:\/\/itervitis.eu\/fr\/wp-json\/wp\/v2\/pages\/501\"><input type=\"hidden\" name=\"url_referer\" value=\"\"><button type=\"submit\" name=\"wpforms[submit]\" id=\"wpforms-submit-76\" class=\"wpforms-submit\" data-alt-text=\"Envoi...\" data-submit-text=\"Soumettre\" aria-live=\"assertive\" value=\"wpforms-submit\">Soumettre<\/button><\/div><\/form><\/div>  <!-- .wpforms-container -->","protected":false},"excerpt":{"rendered":"<p>Contacts *\u00a0info@itervitis.eu* Pec: itervitis@legalmail.it<\/p>\n","protected":false},"author":4,"featured_media":0,"parent":0,"menu_order":0,"comment_status":"closed","ping_status":"closed","template":"","meta":{"inline_featured_image":false,"_genesis_hide_title":true,"_genesis_hide_breadcrumbs":false,"_genesis_hide_singular_image":false,"_genesis_hide_footer_widgets":false,"_genesis_custom_body_class":"","_genesis_custom_post_class":"","_genesis_layout":"","footnotes":""},"class_list":{"0":"post-501","1":"page","2":"type-page","3":"status-publish","5":"entry"},"yoast_head":"<!-- This site is optimized with the Yoast SEO plugin v27.4 - https:\/\/yoast.com\/product\/yoast-seo-wordpress\/ -->\n<title>Contacts - Itervitis<\/title>\n<meta name=\"robots\" content=\"index, follow, max-snippet:-1, max-image-preview:large, max-video-preview:-1\" \/>\n<link rel=\"canonical\" href=\"https:\/\/itervitis.eu\/fr\/contacts\/\" \/>\n<meta property=\"og:locale\" content=\"fr_FR\" \/>\n<meta property=\"og:type\" content=\"article\" \/>\n<meta property=\"og:title\" content=\"Contacts - Itervitis\" \/>\n<meta property=\"og:description\" content=\"Contacts *\u00a0info@itervitis.eu* Pec: itervitis@legalmail.it\" \/>\n<meta property=\"og:url\" content=\"https:\/\/itervitis.eu\/fr\/contacts\/\" \/>\n<meta property=\"og:site_name\" content=\"Itervitis\" \/>\n<meta property=\"article:modified_time\" content=\"2025-09-25T11:58:02+00:00\" \/>\n<meta name=\"twitter:card\" content=\"summary_large_image\" \/>\n<meta name=\"twitter:label1\" content=\"Dur\u00e9e de lecture estim\u00e9e\" \/>\n\t<meta name=\"twitter:data1\" content=\"1 minute\" \/>\n<script type=\"application\/ld+json\" class=\"yoast-schema-graph\">{\"@context\":\"https:\\\/\\\/schema.org\",\"@graph\":[{\"@type\":\"WebPage\",\"@id\":\"https:\\\/\\\/itervitis.eu\\\/fr\\\/contacts\\\/\",\"url\":\"https:\\\/\\\/itervitis.eu\\\/fr\\\/contacts\\\/\",\"name\":\"Contacts - Itervitis\",\"isPartOf\":{\"@id\":\"https:\\\/\\\/itervitis.eu\\\/fr\\\/#website\"},\"datePublished\":\"2019-11-06T09:28:16+00:00\",\"dateModified\":\"2025-09-25T11:58:02+00:00\",\"breadcrumb\":{\"@id\":\"https:\\\/\\\/itervitis.eu\\\/fr\\\/contacts\\\/#breadcrumb\"},\"inLanguage\":\"fr-FR\",\"potentialAction\":[{\"@type\":\"ReadAction\",\"target\":[\"https:\\\/\\\/itervitis.eu\\\/fr\\\/contacts\\\/\"]}]},{\"@type\":\"BreadcrumbList\",\"@id\":\"https:\\\/\\\/itervitis.eu\\\/fr\\\/contacts\\\/#breadcrumb\",\"itemListElement\":[{\"@type\":\"ListItem\",\"position\":1,\"name\":\"Home\",\"item\":\"https:\\\/\\\/itervitis.eu\\\/fr\\\/\"},{\"@type\":\"ListItem\",\"position\":2,\"name\":\"Contacts\"}]},{\"@type\":\"WebSite\",\"@id\":\"https:\\\/\\\/itervitis.eu\\\/fr\\\/#website\",\"url\":\"https:\\\/\\\/itervitis.eu\\\/fr\\\/\",\"name\":\"Itervitis\",\"description\":\"Les Chemins de la Vigne\",\"publisher\":{\"@id\":\"https:\\\/\\\/itervitis.eu\\\/fr\\\/#organization\"},\"potentialAction\":[{\"@type\":\"SearchAction\",\"target\":{\"@type\":\"EntryPoint\",\"urlTemplate\":\"https:\\\/\\\/itervitis.eu\\\/fr\\\/?s={search_term_string}\"},\"query-input\":{\"@type\":\"PropertyValueSpecification\",\"valueRequired\":true,\"valueName\":\"search_term_string\"}}],\"inLanguage\":\"fr-FR\"},{\"@type\":\"Organization\",\"@id\":\"https:\\\/\\\/itervitis.eu\\\/fr\\\/#organization\",\"name\":\"Itervitis\",\"url\":\"https:\\\/\\\/itervitis.eu\\\/fr\\\/\",\"logo\":{\"@type\":\"ImageObject\",\"inLanguage\":\"fr-FR\",\"@id\":\"https:\\\/\\\/itervitis.eu\\\/fr\\\/#\\\/schema\\\/logo\\\/image\\\/\",\"url\":\"https:\\\/\\\/itervitis.eu\\\/wp-content\\\/uploads\\\/2020\\\/02\\\/itervitis-logo.png\",\"contentUrl\":\"https:\\\/\\\/itervitis.eu\\\/wp-content\\\/uploads\\\/2020\\\/02\\\/itervitis-logo.png\",\"width\":980,\"height\":1110,\"caption\":\"Itervitis\"},\"image\":{\"@id\":\"https:\\\/\\\/itervitis.eu\\\/fr\\\/#\\\/schema\\\/logo\\\/image\\\/\"}}]}<\/script>\n<!-- \/ Yoast SEO plugin. -->","yoast_head_json":{"title":"Contacts - Itervitis","robots":{"index":"index","follow":"follow","max-snippet":"max-snippet:-1","max-image-preview":"max-image-preview:large","max-video-preview":"max-video-preview:-1"},"canonical":"https:\/\/itervitis.eu\/fr\/contacts\/","og_locale":"fr_FR","og_type":"article","og_title":"Contacts - Itervitis","og_description":"Contacts *\u00a0info@itervitis.eu* Pec: itervitis@legalmail.it","og_url":"https:\/\/itervitis.eu\/fr\/contacts\/","og_site_name":"Itervitis","article_modified_time":"2025-09-25T11:58:02+00:00","twitter_card":"summary_large_image","twitter_misc":{"Dur\u00e9e de lecture estim\u00e9e":"1 minute"},"schema":{"@context":"https:\/\/schema.org","@graph":[{"@type":"WebPage","@id":"https:\/\/itervitis.eu\/fr\/contacts\/","url":"https:\/\/itervitis.eu\/fr\/contacts\/","name":"Contacts - Itervitis","isPartOf":{"@id":"https:\/\/itervitis.eu\/fr\/#website"},"datePublished":"2019-11-06T09:28:16+00:00","dateModified":"2025-09-25T11:58:02+00:00","breadcrumb":{"@id":"https:\/\/itervitis.eu\/fr\/contacts\/#breadcrumb"},"inLanguage":"fr-FR","potentialAction":[{"@type":"ReadAction","target":["https:\/\/itervitis.eu\/fr\/contacts\/"]}]},{"@type":"BreadcrumbList","@id":"https:\/\/itervitis.eu\/fr\/contacts\/#breadcrumb","itemListElement":[{"@type":"ListItem","position":1,"name":"Home","item":"https:\/\/itervitis.eu\/fr\/"},{"@type":"ListItem","position":2,"name":"Contacts"}]},{"@type":"WebSite","@id":"https:\/\/itervitis.eu\/fr\/#website","url":"https:\/\/itervitis.eu\/fr\/","name":"Itervitis","description":"Les Chemins de la Vigne","publisher":{"@id":"https:\/\/itervitis.eu\/fr\/#organization"},"potentialAction":[{"@type":"SearchAction","target":{"@type":"EntryPoint","urlTemplate":"https:\/\/itervitis.eu\/fr\/?s={search_term_string}"},"query-input":{"@type":"PropertyValueSpecification","valueRequired":true,"valueName":"search_term_string"}}],"inLanguage":"fr-FR"},{"@type":"Organization","@id":"https:\/\/itervitis.eu\/fr\/#organization","name":"Itervitis","url":"https:\/\/itervitis.eu\/fr\/","logo":{"@type":"ImageObject","inLanguage":"fr-FR","@id":"https:\/\/itervitis.eu\/fr\/#\/schema\/logo\/image\/","url":"https:\/\/itervitis.eu\/wp-content\/uploads\/2020\/02\/itervitis-logo.png","contentUrl":"https:\/\/itervitis.eu\/wp-content\/uploads\/2020\/02\/itervitis-logo.png","width":980,"height":1110,"caption":"Itervitis"},"image":{"@id":"https:\/\/itervitis.eu\/fr\/#\/schema\/logo\/image\/"}}]}},"featured_image_src":null,"featured_image_src_square":null,"_links":{"self":[{"href":"https:\/\/itervitis.eu\/fr\/wp-json\/wp\/v2\/pages\/501","targetHints":{"allow":["GET"]}}],"collection":[{"href":"https:\/\/itervitis.eu\/fr\/wp-json\/wp\/v2\/pages"}],"about":[{"href":"https:\/\/itervitis.eu\/fr\/wp-json\/wp\/v2\/types\/page"}],"author":[{"embeddable":true,"href":"https:\/\/itervitis.eu\/fr\/wp-json\/wp\/v2\/users\/4"}],"replies":[{"embeddable":true,"href":"https:\/\/itervitis.eu\/fr\/wp-json\/wp\/v2\/comments?post=501"}],"version-history":[{"count":11,"href":"https:\/\/itervitis.eu\/fr\/wp-json\/wp\/v2\/pages\/501\/revisions"}],"predecessor-version":[{"id":3772,"href":"https:\/\/itervitis.eu\/fr\/wp-json\/wp\/v2\/pages\/501\/revisions\/3772"}],"wp:attachment":[{"href":"https:\/\/itervitis.eu\/fr\/wp-json\/wp\/v2\/media?parent=501"}],"curies":[{"name":"wp","href":"https:\/\/api.w.org\/{rel}","templated":true}]}}