{"id":358,"date":"2019-11-12T10:01:38","date_gmt":"2019-11-12T10:01:38","guid":{"rendered":"https:\/home\/395504.cloudwaysapps.com\/awsnbfjzrv\/public_html\/wordpress-395504-1244441.cloudwaysapps.com\/modalites-dinscription\/"},"modified":"2025-09-25T11:30:46","modified_gmt":"2025-09-25T11:30:46","slug":"modalites-dinscription","status":"publish","type":"page","link":"https:\/\/itervitis.eu\/fr\/modalites-dinscription\/","title":{"rendered":"Modalit\u00e9s d&rsquo;inscription"},"content":{"rendered":"\n<div class=\"wp-block-genesis-blocks-gb-columns gb-layout-columns-1 one-column\"><div class=\"gb-layout-column-wrap gb-block-layout-column-gap-2 gb-is-responsive-column\">\n<div class=\"wp-block-genesis-blocks-gb-column gb-block-layout-column\"><div class=\"gb-block-layout-column-inner\">\n<h2 class=\"wp-block-heading\">Modalit\u00e9s d&rsquo;inscription<\/h2>\n\n\n\n<p>Peuvent adh\u00e9rer \u00e0 l\u2019association par demande expr\u00e8s les personnes, publiques ou priv\u00e9es, des Etats Membres du Conseil de l\u2019Europe et non membres, avec une demande formelle en remplissant et en envoyant \u00e0\u00a0<strong><a href=\"mailto:info@itervitis.eu\">info@itervitis.eu<\/a><\/strong> des modules ici sous.<\/p>\n\n\n\n<p>L\u2019admission est coopt\u00e9e par le Conseil de Direction et se concr\u00e9tise par le paiement de l\u2019\u00e9ventuelle cotisation associative.<\/p>\n\n\n\n<p>Sont\u00a0<strong>Membres Fondateurs<\/strong>\u00a0les personnes, publiques ou priv\u00e9es, qui ont obtenu la reconnaissance officielle du Conseil de l\u2019Europe de l\u2019Itin\u00e9raire Culturel Europ\u00e9en \u00ab\u00a0Iter Vitis\u00a0\u00bb.<\/p>\n\n\n\n<p>Sont\u00a0<strong>Membres<\/strong>\u00a0<strong>Ordinaires<\/strong>\u00a0les collectivit\u00e9s territoriales, r\u00e9gions, d\u00e9partements, communes, communaut\u00e9s de communes, communaut\u00e9s montagnardes dans toutes les acceptions de chacun des Etats europ\u00e9ens, les institutions priv\u00e9es de la fili\u00e8re vitivinicole, de l\u2019\u0153nogastronomie et de l\u2019accueil, les routes du vin et leurs organismes locaux et nationaux, les \u0153noth\u00e8ques, publiques et priv\u00e9es, les mus\u00e9es du vin priv\u00e9s, les banques, les Fondations, les Chambres de commerce.<\/p>\n\n\n\n<p>Sont\u00a0<strong>Membres Honoraires<\/strong>\u00a0les Etats et\/ou les gouvernements des Etats membres du Conseil de l\u2019Europe, les mus\u00e9es publics du vin, les mus\u00e9es en g\u00e9n\u00e9ral, les Universit\u00e9s, les Directions g\u00e9n\u00e9rales des Beaux Arts, les biblioth\u00e8ques publiques et priv\u00e9es, les Eglises et les Communaut\u00e9s Religieuses, les personnes physiques et morales ayant re\u00e7u un avis favorable du Conseil de Direction.<\/p>\n<\/div><\/div>\n<\/div><\/div>\n\n<div class=\"wp-block-columns is-layout-flex wp-container-core-columns-is-layout-9d6595d7 wp-block-columns-is-layout-flex\">\n<div class=\"wp-block-column is-layout-flow wp-block-column-is-layout-flow\">\n<div class=\"wp-block-buttons is-layout-flex wp-block-buttons-is-layout-flex\">\n<div class=\"wp-block-button gb-block-button\"><a class=\"wp-block-button__link has-text-color has-background has-custom-font-size wp-element-button\" href=\"https:\/\/itervitis.eu\/wp-content\/uploads\/2023\/09\/Application-Form-eng.pdf\" style=\"border-radius:0px;color:#ffffff;background-color:#3e2b34;padding-top:10px;padding-right:1em;padding-bottom:10px;padding-left:1em;font-size:20px;line-height:1.2\" target=\"_blank\">Demande d&rsquo;admission en tant que membres ordinaires<\/a><\/div>\n<\/div>\n<\/div>\n\n\n\n<div class=\"wp-block-column is-layout-flow wp-block-column-is-layout-flow\">\n<div class=\"wp-block-buttons is-layout-flex wp-block-buttons-is-layout-flex\">\n<div class=\"wp-block-button gb-block-button\"><a class=\"wp-block-button__link has-text-color has-background has-custom-font-size wp-element-button\" href=\"https:\/\/itervitis.eu\/wp-content\/uploads\/2019\/11\/communication-guidebook.pdf\" style=\"border-radius:0px;color:#ffffff;background-color:#3e2b34;padding-top:10px;padding-right:1em;padding-bottom:10px;padding-left:1em;font-size:20px;line-height:1.2\" target=\"_blank\">Guide de communication (IT &#8211; ENG- FR)<\/a><\/div>\n<\/div>\n<\/div>\n<\/div>\n\n<p><\/p>\n","protected":false},"excerpt":{"rendered":"","protected":false},"author":4,"featured_media":0,"parent":0,"menu_order":0,"comment_status":"closed","ping_status":"closed","template":"","meta":{"inline_featured_image":false,"_genesis_hide_title":true,"_genesis_hide_breadcrumbs":false,"_genesis_hide_singular_image":false,"_genesis_hide_footer_widgets":false,"_genesis_custom_body_class":"","_genesis_custom_post_class":"","_genesis_layout":"","footnotes":""},"class_list":{"0":"post-358","1":"page","2":"type-page","3":"status-publish","5":"entry","6":"has-post-thumbnail"},"yoast_head":"<!-- This site is optimized with the Yoast SEO plugin v27.4 - https:\/\/yoast.com\/product\/yoast-seo-wordpress\/ -->\n<title>Modalit\u00e9s d&#039;inscription - Itervitis<\/title>\n<meta name=\"robots\" content=\"index, follow, max-snippet:-1, max-image-preview:large, max-video-preview:-1\" \/>\n<link rel=\"canonical\" href=\"https:\/\/itervitis.eu\/fr\/modalites-dinscription\/\" \/>\n<meta property=\"og:locale\" content=\"fr_FR\" \/>\n<meta property=\"og:type\" content=\"article\" \/>\n<meta property=\"og:title\" content=\"Modalit\u00e9s d&#039;inscription - Itervitis\" \/>\n<meta property=\"og:url\" content=\"https:\/\/itervitis.eu\/fr\/modalites-dinscription\/\" \/>\n<meta property=\"og:site_name\" content=\"Itervitis\" \/>\n<meta property=\"article:modified_time\" content=\"2025-09-25T11:30:46+00:00\" \/>\n<meta name=\"twitter:card\" content=\"summary_large_image\" \/>\n<meta name=\"twitter:label1\" content=\"Dur\u00e9e de lecture estim\u00e9e\" \/>\n\t<meta name=\"twitter:data1\" content=\"1 minute\" \/>\n<script type=\"application\/ld+json\" class=\"yoast-schema-graph\">{\"@context\":\"https:\\\/\\\/schema.org\",\"@graph\":[{\"@type\":\"WebPage\",\"@id\":\"https:\\\/\\\/itervitis.eu\\\/fr\\\/modalites-dinscription\\\/\",\"url\":\"https:\\\/\\\/itervitis.eu\\\/fr\\\/modalites-dinscription\\\/\",\"name\":\"Modalit\u00e9s d'inscription - Itervitis\",\"isPartOf\":{\"@id\":\"https:\\\/\\\/itervitis.eu\\\/fr\\\/#website\"},\"datePublished\":\"2019-11-12T10:01:38+00:00\",\"dateModified\":\"2025-09-25T11:30:46+00:00\",\"breadcrumb\":{\"@id\":\"https:\\\/\\\/itervitis.eu\\\/fr\\\/modalites-dinscription\\\/#breadcrumb\"},\"inLanguage\":\"fr-FR\",\"potentialAction\":[{\"@type\":\"ReadAction\",\"target\":[\"https:\\\/\\\/itervitis.eu\\\/fr\\\/modalites-dinscription\\\/\"]}]},{\"@type\":\"BreadcrumbList\",\"@id\":\"https:\\\/\\\/itervitis.eu\\\/fr\\\/modalites-dinscription\\\/#breadcrumb\",\"itemListElement\":[{\"@type\":\"ListItem\",\"position\":1,\"name\":\"Home\",\"item\":\"https:\\\/\\\/itervitis.eu\\\/fr\\\/\"},{\"@type\":\"ListItem\",\"position\":2,\"name\":\"Modalit\u00e9s d&#8217;inscription\"}]},{\"@type\":\"WebSite\",\"@id\":\"https:\\\/\\\/itervitis.eu\\\/fr\\\/#website\",\"url\":\"https:\\\/\\\/itervitis.eu\\\/fr\\\/\",\"name\":\"Itervitis\",\"description\":\"Les Chemins de la Vigne\",\"publisher\":{\"@id\":\"https:\\\/\\\/itervitis.eu\\\/fr\\\/#organization\"},\"potentialAction\":[{\"@type\":\"SearchAction\",\"target\":{\"@type\":\"EntryPoint\",\"urlTemplate\":\"https:\\\/\\\/itervitis.eu\\\/fr\\\/?s={search_term_string}\"},\"query-input\":{\"@type\":\"PropertyValueSpecification\",\"valueRequired\":true,\"valueName\":\"search_term_string\"}}],\"inLanguage\":\"fr-FR\"},{\"@type\":\"Organization\",\"@id\":\"https:\\\/\\\/itervitis.eu\\\/fr\\\/#organization\",\"name\":\"Itervitis\",\"url\":\"https:\\\/\\\/itervitis.eu\\\/fr\\\/\",\"logo\":{\"@type\":\"ImageObject\",\"inLanguage\":\"fr-FR\",\"@id\":\"https:\\\/\\\/itervitis.eu\\\/fr\\\/#\\\/schema\\\/logo\\\/image\\\/\",\"url\":\"https:\\\/\\\/itervitis.eu\\\/wp-content\\\/uploads\\\/2020\\\/02\\\/itervitis-logo.png\",\"contentUrl\":\"https:\\\/\\\/itervitis.eu\\\/wp-content\\\/uploads\\\/2020\\\/02\\\/itervitis-logo.png\",\"width\":980,\"height\":1110,\"caption\":\"Itervitis\"},\"image\":{\"@id\":\"https:\\\/\\\/itervitis.eu\\\/fr\\\/#\\\/schema\\\/logo\\\/image\\\/\"}}]}<\/script>\n<!-- \/ Yoast SEO plugin. -->","yoast_head_json":{"title":"Modalit\u00e9s d'inscription - Itervitis","robots":{"index":"index","follow":"follow","max-snippet":"max-snippet:-1","max-image-preview":"max-image-preview:large","max-video-preview":"max-video-preview:-1"},"canonical":"https:\/\/itervitis.eu\/fr\/modalites-dinscription\/","og_locale":"fr_FR","og_type":"article","og_title":"Modalit\u00e9s d'inscription - Itervitis","og_url":"https:\/\/itervitis.eu\/fr\/modalites-dinscription\/","og_site_name":"Itervitis","article_modified_time":"2025-09-25T11:30:46+00:00","twitter_card":"summary_large_image","twitter_misc":{"Dur\u00e9e de lecture estim\u00e9e":"1 minute"},"schema":{"@context":"https:\/\/schema.org","@graph":[{"@type":"WebPage","@id":"https:\/\/itervitis.eu\/fr\/modalites-dinscription\/","url":"https:\/\/itervitis.eu\/fr\/modalites-dinscription\/","name":"Modalit\u00e9s d'inscription - Itervitis","isPartOf":{"@id":"https:\/\/itervitis.eu\/fr\/#website"},"datePublished":"2019-11-12T10:01:38+00:00","dateModified":"2025-09-25T11:30:46+00:00","breadcrumb":{"@id":"https:\/\/itervitis.eu\/fr\/modalites-dinscription\/#breadcrumb"},"inLanguage":"fr-FR","potentialAction":[{"@type":"ReadAction","target":["https:\/\/itervitis.eu\/fr\/modalites-dinscription\/"]}]},{"@type":"BreadcrumbList","@id":"https:\/\/itervitis.eu\/fr\/modalites-dinscription\/#breadcrumb","itemListElement":[{"@type":"ListItem","position":1,"name":"Home","item":"https:\/\/itervitis.eu\/fr\/"},{"@type":"ListItem","position":2,"name":"Modalit\u00e9s d&#8217;inscription"}]},{"@type":"WebSite","@id":"https:\/\/itervitis.eu\/fr\/#website","url":"https:\/\/itervitis.eu\/fr\/","name":"Itervitis","description":"Les Chemins de la Vigne","publisher":{"@id":"https:\/\/itervitis.eu\/fr\/#organization"},"potentialAction":[{"@type":"SearchAction","target":{"@type":"EntryPoint","urlTemplate":"https:\/\/itervitis.eu\/fr\/?s={search_term_string}"},"query-input":{"@type":"PropertyValueSpecification","valueRequired":true,"valueName":"search_term_string"}}],"inLanguage":"fr-FR"},{"@type":"Organization","@id":"https:\/\/itervitis.eu\/fr\/#organization","name":"Itervitis","url":"https:\/\/itervitis.eu\/fr\/","logo":{"@type":"ImageObject","inLanguage":"fr-FR","@id":"https:\/\/itervitis.eu\/fr\/#\/schema\/logo\/image\/","url":"https:\/\/itervitis.eu\/wp-content\/uploads\/2020\/02\/itervitis-logo.png","contentUrl":"https:\/\/itervitis.eu\/wp-content\/uploads\/2020\/02\/itervitis-logo.png","width":980,"height":1110,"caption":"Itervitis"},"image":{"@id":"https:\/\/itervitis.eu\/fr\/#\/schema\/logo\/image\/"}}]}},"featured_image_src":null,"featured_image_src_square":null,"_links":{"self":[{"href":"https:\/\/itervitis.eu\/fr\/wp-json\/wp\/v2\/pages\/358","targetHints":{"allow":["GET"]}}],"collection":[{"href":"https:\/\/itervitis.eu\/fr\/wp-json\/wp\/v2\/pages"}],"about":[{"href":"https:\/\/itervitis.eu\/fr\/wp-json\/wp\/v2\/types\/page"}],"author":[{"embeddable":true,"href":"https:\/\/itervitis.eu\/fr\/wp-json\/wp\/v2\/users\/4"}],"replies":[{"embeddable":true,"href":"https:\/\/itervitis.eu\/fr\/wp-json\/wp\/v2\/comments?post=358"}],"version-history":[{"count":15,"href":"https:\/\/itervitis.eu\/fr\/wp-json\/wp\/v2\/pages\/358\/revisions"}],"predecessor-version":[{"id":3758,"href":"https:\/\/itervitis.eu\/fr\/wp-json\/wp\/v2\/pages\/358\/revisions\/3758"}],"wp:attachment":[{"href":"https:\/\/itervitis.eu\/fr\/wp-json\/wp\/v2\/media?parent=358"}],"curies":[{"name":"wp","href":"https:\/\/api.w.org\/{rel}","templated":true}]}}