{"id":3501,"date":"2019-11-06T09:28:15","date_gmt":"2019-11-06T09:28:15","guid":{"rendered":"https:\/\/itervitis.eu\/les-itineraires-culturels-du-conseil-de-leurope\/"},"modified":"2025-09-25T22:25:33","modified_gmt":"2025-09-25T22:25:33","slug":"les-itineraires-culturels-du-conseil-de-leurope","status":"publish","type":"page","link":"https:\/\/itervitis.eu\/fr\/les-itineraires-culturels-du-conseil-de-leurope\/","title":{"rendered":"Les itineraires culturels du Conseil de l&rsquo;Europe"},"content":{"rendered":"\n<figure class=\"wp-block-image alignwide size-large mb-0 authority-featured-image\"><img decoding=\"async\" width=\"1200\" height=\"385\" data-src=\"https:\/\/itervitis.eu\/wp-content\/uploads\/2019\/11\/counties-routes-1200x385.jpg\" alt=\"\" class=\"wp-image-185 lazyload\" src=\"data:image\/svg+xml;base64,PHN2ZyB3aWR0aD0iMSIgaGVpZ2h0PSIxIiB4bWxucz0iaHR0cDovL3d3dy53My5vcmcvMjAwMC9zdmciPjwvc3ZnPg==\" style=\"--smush-placeholder-width: 1200px; --smush-placeholder-aspect-ratio: 1200\/385;\" \/><\/figure>\n\n<div style=\"color:#ddd\" class=\"wp-block-genesis-blocks-gb-spacer no-mobile gb-block-spacer gb-divider-solid gb-divider-size-1\"><hr style=\"height:30px\"\/><\/div><br>\n\n<div class=\"wp-block-columns alignwide has-2-columns is-layout-flex wp-container-core-columns-is-layout-9d6595d7 wp-block-columns-is-layout-flex\">\n<div class=\"wp-block-column is-layout-flow wp-block-column-is-layout-flow\">\n<h2 class=\"wp-block-heading\">Les itineraires culturels du Conseil de l&rsquo;Europe<\/h2>\n\n\n\n<p>On entend par itin\u00e9raire culturel europ\u00e9en \u201c<i>un parcours qui traverse un ou plusieurs pays ou r\u00e9gions, et qui s\u2019organise autour de th\u00e8mes d\u2019int\u00e9r\u00eat historique, artistique ou social europ\u00e9en, que ce soit en raison du trac\u00e9 g\u00e9ographique de l\u2019itin\u00e9raire, ou en fonction de son contenu et de sa signification<\/i>\u201d.<\/p>\n\n\n\n<p>Le\u00a0<b>Programme des Itin\u00e9raires Culturels<\/b>\u00a0na\u00eet en 1987 de la prise de conscience, m\u00fbrie au sein d\u2019un groupe de travail du conseil de l\u2019Europe, de l\u2019existence de lieux d\u2019attraction culturelle europ\u00e9ens importants et du r\u00f4le qu\u2019ils peuvent jouer pour la valorisation culturelle du temps libre. D\u2019o\u00f9 l\u2019id\u00e9e d\u2019encourager, \u00e0 travers le voyage, la red\u00e9couverte de la communaut\u00e9 culturelle europ\u00e9enne, y compris les pays de l\u2019Europe centrale et orientale. Les paysages et les itin\u00e9raires sont \u00e9galement intimement li\u00e9s: la Convention europ\u00e9enne du paysage favorise \u00e9galement les valeurs du Conseil de l\u2019Europe en d\u00e9finissant le paysage comme une partie int\u00e9grante des identit\u00e9s locales et de l\u2019identit\u00e9 collective europ\u00e9enne.<\/p>\n\n\n\n<p>Le d\u00e9veloppement effectif des itin\u00e9raires d\u00e9pend beaucoup des initiatives concr\u00e8tes que prennent les autorit\u00e9s nationales, r\u00e9gionales et locales, ainsi que les op\u00e9rateurs priv\u00e9s de chaque pays. Il peut y avoir une\u00a0<b>action de concertation entre ces diff\u00e9rents op\u00e9rateurs sur le terrain pour la mise en place des itin\u00e9raires, la signalisation des parcours, la sensibilisation des habitants gr\u00e2ce \u00e0 des documents et \u00e0 des publications, la promotion publicitaire avec les m\u00e9dias, les rencontres de jeunes et la r\u00e9alisation, l\u00e0 o\u00f9 cela s\u2019av\u00e8re n\u00e9cessaire, d\u2019infrastructures d\u2019accueil compl\u00e9mentaires.<\/b><\/p>\n\n\n\n<p>L\u2019<b>Institut europ\u00e9en des Itin\u00e9raires Culturels<\/b>\u00a0(IEIC) a \u00e9t\u00e9 cr\u00e9\u00e9 dans le cadre d\u2019un Protocole d\u2019Accord politique entre le Conseil de l\u2019Europe et le Grand-duch\u00e9 de Luxembourg (Minist\u00e8re de la Culture et de la Recherche). Le but de cette institution est de mettre en \u0153uvre et de d\u00e9velopper le programme des itin\u00e9raires culturels du Conseil de l\u2019Europe dans les 49 pays signataires de la Convention Culturelle et, suivant les n\u00e9cessit\u00e9s g\u00e9ographiques et historiques des th\u00e8mes, dans les pays qui ont eu et ont encore des rapports directs avec le continent europ\u00e9en. L\u2019Institut dispose de locaux prestigieux au Centre Culturel de Rencontre de l\u2019Abbaye de Neum\u00fcnster pour accueillir les porteurs de projets, les chercheurs, les \u00e9tudiants et toutes les personnes int\u00e9ress\u00e9es. L\u2019Institut est \u00e9galement charg\u00e9 de participer \u00e0 des programmes europ\u00e9ens de formation, de recherche et d\u2019analyse centr\u00e9s sur le tourisme culturel tant pour la commission europ\u00e9enne que pour les gouvernements et les responsables de projets publics et priv\u00e9s.<\/p>\n<\/div>\n\n\n\n<div class=\"wp-block-column is-layout-flow wp-block-column-is-layout-flow\">\n<div style=\"color:#ddd\" class=\"wp-block-genesis-blocks-gb-spacer no-mobile gb-block-spacer gb-divider-solid gb-divider-size-1\"><hr style=\"height:50px\"\/><\/div><br>\n\n\n\n<figure class=\"wp-block-image size-large\"><img decoding=\"async\" width=\"741\" height=\"251\" data-src=\"https:\/\/itervitis.eu\/wp-content\/uploads\/2019\/11\/Logo-Cultural-Route-COE-1.jpg\" alt=\"Cultural-Route-COE\" class=\"wp-image-125 lazyload\" data-srcset=\"https:\/\/itervitis.eu\/wp-content\/uploads\/2019\/11\/Logo-Cultural-Route-COE-1.jpg 741w, https:\/\/itervitis.eu\/wp-content\/uploads\/2019\/11\/Logo-Cultural-Route-COE-1-300x102.jpg 300w\" data-sizes=\"(max-width: 741px) 100vw, 741px\" src=\"data:image\/svg+xml;base64,PHN2ZyB3aWR0aD0iMSIgaGVpZ2h0PSIxIiB4bWxucz0iaHR0cDovL3d3dy53My5vcmcvMjAwMC9zdmciPjwvc3ZnPg==\" style=\"--smush-placeholder-width: 741px; --smush-placeholder-aspect-ratio: 741\/251;\" \/><\/figure>\n\n\n\n<div style=\"color:#ddd\" class=\"wp-block-genesis-blocks-gb-spacer no-mobile gb-block-spacer gb-divider-solid gb-divider-size-1\"><hr style=\"height:50px\"\/><\/div><br>\n\n\n\n<p><strong><a href=\"https:\/\/www.coe.int\/fr\/web\/cultural-routes\/all-cultural-routes\" target=\"_blank\" rel=\"noreferrer noopener\"><strong>EXPLOREZ TOUS LES ITIN\u00c9RAIRES CULTURELS PAR TH\u00c8ME OU PAR PAYS<\/strong><\/a><\/strong><\/p>\n\n\n\n<figure class=\"wp-block-image size-large\"><img decoding=\"async\" width=\"849\" height=\"477\" data-src=\"https:\/\/itervitis.eu\/wp-content\/uploads\/2019\/11\/itinerari-culturali.jpg\" alt=\"Cultural-Routes\" class=\"wp-image-178 lazyload\" data-srcset=\"https:\/\/itervitis.eu\/wp-content\/uploads\/2019\/11\/itinerari-culturali.jpg 849w, https:\/\/itervitis.eu\/wp-content\/uploads\/2019\/11\/itinerari-culturali-300x169.jpg 300w, https:\/\/itervitis.eu\/wp-content\/uploads\/2019\/11\/itinerari-culturali-768x431.jpg 768w\" data-sizes=\"(max-width: 849px) 100vw, 849px\" src=\"data:image\/svg+xml;base64,PHN2ZyB3aWR0aD0iMSIgaGVpZ2h0PSIxIiB4bWxucz0iaHR0cDovL3d3dy53My5vcmcvMjAwMC9zdmciPjwvc3ZnPg==\" style=\"--smush-placeholder-width: 849px; --smush-placeholder-aspect-ratio: 849\/477;\" \/><\/figure>\n\n\n\n<p><\/p>\n<\/div>\n<\/div>\n\n<div class=\"wp-block-genesis-blocks-gb-container gb-block-container\"><div class=\"gb-container-inside\"><div class=\"gb-container-content\" style=\"max-width:1600px\">\n<p><\/p>\n<\/div><\/div><\/div>\n","protected":false},"excerpt":{"rendered":"<p>Les itineraires culturels du Conseil de l&rsquo;Europe On entend par itin\u00e9raire culturel europ\u00e9en \u201cun parcours qui traverse un ou plusieurs pays ou r\u00e9gions, et qui s\u2019organise autour de th\u00e8mes d\u2019int\u00e9r\u00eat historique, artistique ou social europ\u00e9en, que ce soit en raison du trac\u00e9 g\u00e9ographique de l\u2019itin\u00e9raire, ou en fonction de son contenu et de sa signification\u201d. [&hellip;]<\/p>\n","protected":false},"author":4,"featured_media":0,"parent":0,"menu_order":0,"comment_status":"closed","ping_status":"closed","template":"","meta":{"inline_featured_image":false,"_genesis_hide_title":true,"_genesis_hide_breadcrumbs":false,"_genesis_hide_singular_image":false,"_genesis_hide_footer_widgets":false,"_genesis_custom_body_class":"","_genesis_custom_post_class":"","_genesis_layout":"","footnotes":""},"class_list":{"0":"post-3501","1":"page","2":"type-page","3":"status-publish","5":"entry"},"yoast_head":"<!-- This site is optimized with the Yoast SEO plugin v27.2 - https:\/\/yoast.com\/product\/yoast-seo-wordpress\/ -->\n<title>Les itineraires culturels du Conseil de l&#039;Europe - Itervitis<\/title>\n<meta name=\"robots\" content=\"index, follow, max-snippet:-1, max-image-preview:large, max-video-preview:-1\" \/>\n<link rel=\"canonical\" href=\"https:\/\/itervitis.eu\/fr\/les-itineraires-culturels-du-conseil-de-leurope\/\" \/>\n<meta property=\"og:locale\" content=\"fr_FR\" \/>\n<meta property=\"og:type\" content=\"article\" \/>\n<meta property=\"og:title\" content=\"Les itineraires culturels du Conseil de l&#039;Europe - Itervitis\" \/>\n<meta property=\"og:description\" content=\"Les itineraires culturels du Conseil de l&rsquo;Europe On entend par itin\u00e9raire culturel europ\u00e9en \u201cun parcours qui traverse un ou plusieurs pays ou r\u00e9gions, et qui s\u2019organise autour de th\u00e8mes d\u2019int\u00e9r\u00eat historique, artistique ou social europ\u00e9en, que ce soit en raison du trac\u00e9 g\u00e9ographique de l\u2019itin\u00e9raire, ou en fonction de son contenu et de sa signification\u201d. [&hellip;]\" \/>\n<meta property=\"og:url\" content=\"https:\/\/itervitis.eu\/fr\/les-itineraires-culturels-du-conseil-de-leurope\/\" \/>\n<meta property=\"og:site_name\" content=\"Itervitis\" \/>\n<meta property=\"article:modified_time\" content=\"2025-09-25T22:25:33+00:00\" \/>\n<meta property=\"og:image\" content=\"https:\/\/itervitis.eu\/wp-content\/uploads\/2019\/11\/counties-routes-1200x385.jpg\" \/>\n<meta name=\"twitter:card\" content=\"summary_large_image\" \/>\n<meta name=\"twitter:label1\" content=\"Dur\u00e9e de lecture estim\u00e9e\" \/>\n\t<meta name=\"twitter:data1\" content=\"3 minutes\" \/>\n<script type=\"application\/ld+json\" class=\"yoast-schema-graph\">{\"@context\":\"https:\/\/schema.org\",\"@graph\":[{\"@type\":\"WebPage\",\"@id\":\"https:\/\/itervitis.eu\/fr\/les-itineraires-culturels-du-conseil-de-leurope\/\",\"url\":\"https:\/\/itervitis.eu\/fr\/les-itineraires-culturels-du-conseil-de-leurope\/\",\"name\":\"Les itineraires culturels du Conseil de l'Europe - Itervitis\",\"isPartOf\":{\"@id\":\"https:\/\/itervitis.eu\/fr\/#website\"},\"primaryImageOfPage\":{\"@id\":\"https:\/\/itervitis.eu\/fr\/les-itineraires-culturels-du-conseil-de-leurope\/#primaryimage\"},\"image\":{\"@id\":\"https:\/\/itervitis.eu\/fr\/les-itineraires-culturels-du-conseil-de-leurope\/#primaryimage\"},\"thumbnailUrl\":\"https:\/\/itervitis.eu\/wp-content\/uploads\/2019\/11\/counties-routes-1200x385.jpg\",\"datePublished\":\"2019-11-06T09:28:15+00:00\",\"dateModified\":\"2025-09-25T22:25:33+00:00\",\"breadcrumb\":{\"@id\":\"https:\/\/itervitis.eu\/fr\/les-itineraires-culturels-du-conseil-de-leurope\/#breadcrumb\"},\"inLanguage\":\"fr-FR\",\"potentialAction\":[{\"@type\":\"ReadAction\",\"target\":[\"https:\/\/itervitis.eu\/fr\/les-itineraires-culturels-du-conseil-de-leurope\/\"]}]},{\"@type\":\"ImageObject\",\"inLanguage\":\"fr-FR\",\"@id\":\"https:\/\/itervitis.eu\/fr\/les-itineraires-culturels-du-conseil-de-leurope\/#primaryimage\",\"url\":\"https:\/\/itervitis.eu\/wp-content\/uploads\/2019\/11\/counties-routes-1200x385.jpg\",\"contentUrl\":\"https:\/\/itervitis.eu\/wp-content\/uploads\/2019\/11\/counties-routes-1200x385.jpg\"},{\"@type\":\"BreadcrumbList\",\"@id\":\"https:\/\/itervitis.eu\/fr\/les-itineraires-culturels-du-conseil-de-leurope\/#breadcrumb\",\"itemListElement\":[{\"@type\":\"ListItem\",\"position\":1,\"name\":\"Home\",\"item\":\"https:\/\/itervitis.eu\/fr\/\"},{\"@type\":\"ListItem\",\"position\":2,\"name\":\"Les itineraires culturels du Conseil de l&#8217;Europe\"}]},{\"@type\":\"WebSite\",\"@id\":\"https:\/\/itervitis.eu\/fr\/#website\",\"url\":\"https:\/\/itervitis.eu\/fr\/\",\"name\":\"Itervitis\",\"description\":\"Les Chemins de la Vigne\",\"publisher\":{\"@id\":\"https:\/\/itervitis.eu\/fr\/#organization\"},\"potentialAction\":[{\"@type\":\"SearchAction\",\"target\":{\"@type\":\"EntryPoint\",\"urlTemplate\":\"https:\/\/itervitis.eu\/fr\/?s={search_term_string}\"},\"query-input\":{\"@type\":\"PropertyValueSpecification\",\"valueRequired\":true,\"valueName\":\"search_term_string\"}}],\"inLanguage\":\"fr-FR\"},{\"@type\":\"Organization\",\"@id\":\"https:\/\/itervitis.eu\/fr\/#organization\",\"name\":\"Itervitis\",\"url\":\"https:\/\/itervitis.eu\/fr\/\",\"logo\":{\"@type\":\"ImageObject\",\"inLanguage\":\"fr-FR\",\"@id\":\"https:\/\/itervitis.eu\/fr\/#\/schema\/logo\/image\/\",\"url\":\"https:\/\/itervitis.eu\/wp-content\/uploads\/2020\/02\/itervitis-logo.png\",\"contentUrl\":\"https:\/\/itervitis.eu\/wp-content\/uploads\/2020\/02\/itervitis-logo.png\",\"width\":980,\"height\":1110,\"caption\":\"Itervitis\"},\"image\":{\"@id\":\"https:\/\/itervitis.eu\/fr\/#\/schema\/logo\/image\/\"}}]}<\/script>\n<!-- \/ Yoast SEO plugin. -->","yoast_head_json":{"title":"Les itineraires culturels du Conseil de l'Europe - Itervitis","robots":{"index":"index","follow":"follow","max-snippet":"max-snippet:-1","max-image-preview":"max-image-preview:large","max-video-preview":"max-video-preview:-1"},"canonical":"https:\/\/itervitis.eu\/fr\/les-itineraires-culturels-du-conseil-de-leurope\/","og_locale":"fr_FR","og_type":"article","og_title":"Les itineraires culturels du Conseil de l'Europe - Itervitis","og_description":"Les itineraires culturels du Conseil de l&rsquo;Europe On entend par itin\u00e9raire culturel europ\u00e9en \u201cun parcours qui traverse un ou plusieurs pays ou r\u00e9gions, et qui s\u2019organise autour de th\u00e8mes d\u2019int\u00e9r\u00eat historique, artistique ou social europ\u00e9en, que ce soit en raison du trac\u00e9 g\u00e9ographique de l\u2019itin\u00e9raire, ou en fonction de son contenu et de sa signification\u201d. [&hellip;]","og_url":"https:\/\/itervitis.eu\/fr\/les-itineraires-culturels-du-conseil-de-leurope\/","og_site_name":"Itervitis","article_modified_time":"2025-09-25T22:25:33+00:00","og_image":[{"url":"https:\/\/itervitis.eu\/wp-content\/uploads\/2019\/11\/counties-routes-1200x385.jpg","type":"","width":"","height":""}],"twitter_card":"summary_large_image","twitter_misc":{"Dur\u00e9e de lecture estim\u00e9e":"3 minutes"},"schema":{"@context":"https:\/\/schema.org","@graph":[{"@type":"WebPage","@id":"https:\/\/itervitis.eu\/fr\/les-itineraires-culturels-du-conseil-de-leurope\/","url":"https:\/\/itervitis.eu\/fr\/les-itineraires-culturels-du-conseil-de-leurope\/","name":"Les itineraires culturels du Conseil de l'Europe - Itervitis","isPartOf":{"@id":"https:\/\/itervitis.eu\/fr\/#website"},"primaryImageOfPage":{"@id":"https:\/\/itervitis.eu\/fr\/les-itineraires-culturels-du-conseil-de-leurope\/#primaryimage"},"image":{"@id":"https:\/\/itervitis.eu\/fr\/les-itineraires-culturels-du-conseil-de-leurope\/#primaryimage"},"thumbnailUrl":"https:\/\/itervitis.eu\/wp-content\/uploads\/2019\/11\/counties-routes-1200x385.jpg","datePublished":"2019-11-06T09:28:15+00:00","dateModified":"2025-09-25T22:25:33+00:00","breadcrumb":{"@id":"https:\/\/itervitis.eu\/fr\/les-itineraires-culturels-du-conseil-de-leurope\/#breadcrumb"},"inLanguage":"fr-FR","potentialAction":[{"@type":"ReadAction","target":["https:\/\/itervitis.eu\/fr\/les-itineraires-culturels-du-conseil-de-leurope\/"]}]},{"@type":"ImageObject","inLanguage":"fr-FR","@id":"https:\/\/itervitis.eu\/fr\/les-itineraires-culturels-du-conseil-de-leurope\/#primaryimage","url":"https:\/\/itervitis.eu\/wp-content\/uploads\/2019\/11\/counties-routes-1200x385.jpg","contentUrl":"https:\/\/itervitis.eu\/wp-content\/uploads\/2019\/11\/counties-routes-1200x385.jpg"},{"@type":"BreadcrumbList","@id":"https:\/\/itervitis.eu\/fr\/les-itineraires-culturels-du-conseil-de-leurope\/#breadcrumb","itemListElement":[{"@type":"ListItem","position":1,"name":"Home","item":"https:\/\/itervitis.eu\/fr\/"},{"@type":"ListItem","position":2,"name":"Les itineraires culturels du Conseil de l&#8217;Europe"}]},{"@type":"WebSite","@id":"https:\/\/itervitis.eu\/fr\/#website","url":"https:\/\/itervitis.eu\/fr\/","name":"Itervitis","description":"Les Chemins de la Vigne","publisher":{"@id":"https:\/\/itervitis.eu\/fr\/#organization"},"potentialAction":[{"@type":"SearchAction","target":{"@type":"EntryPoint","urlTemplate":"https:\/\/itervitis.eu\/fr\/?s={search_term_string}"},"query-input":{"@type":"PropertyValueSpecification","valueRequired":true,"valueName":"search_term_string"}}],"inLanguage":"fr-FR"},{"@type":"Organization","@id":"https:\/\/itervitis.eu\/fr\/#organization","name":"Itervitis","url":"https:\/\/itervitis.eu\/fr\/","logo":{"@type":"ImageObject","inLanguage":"fr-FR","@id":"https:\/\/itervitis.eu\/fr\/#\/schema\/logo\/image\/","url":"https:\/\/itervitis.eu\/wp-content\/uploads\/2020\/02\/itervitis-logo.png","contentUrl":"https:\/\/itervitis.eu\/wp-content\/uploads\/2020\/02\/itervitis-logo.png","width":980,"height":1110,"caption":"Itervitis"},"image":{"@id":"https:\/\/itervitis.eu\/fr\/#\/schema\/logo\/image\/"}}]}},"featured_image_src":null,"featured_image_src_square":null,"_links":{"self":[{"href":"https:\/\/itervitis.eu\/fr\/wp-json\/wp\/v2\/pages\/3501","targetHints":{"allow":["GET"]}}],"collection":[{"href":"https:\/\/itervitis.eu\/fr\/wp-json\/wp\/v2\/pages"}],"about":[{"href":"https:\/\/itervitis.eu\/fr\/wp-json\/wp\/v2\/types\/page"}],"author":[{"embeddable":true,"href":"https:\/\/itervitis.eu\/fr\/wp-json\/wp\/v2\/users\/4"}],"replies":[{"embeddable":true,"href":"https:\/\/itervitis.eu\/fr\/wp-json\/wp\/v2\/comments?post=3501"}],"version-history":[{"count":4,"href":"https:\/\/itervitis.eu\/fr\/wp-json\/wp\/v2\/pages\/3501\/revisions"}],"predecessor-version":[{"id":3757,"href":"https:\/\/itervitis.eu\/fr\/wp-json\/wp\/v2\/pages\/3501\/revisions\/3757"}],"wp:attachment":[{"href":"https:\/\/itervitis.eu\/fr\/wp-json\/wp\/v2\/media?parent=3501"}],"curies":[{"name":"wp","href":"https:\/\/api.w.org\/{rel}","templated":true}]}}