{"id":346,"date":"2019-11-07T16:11:58","date_gmt":"2019-11-07T16:11:58","guid":{"rendered":"https:\/home\/395504.cloudwaysapps.com\/awsnbfjzrv\/public_html\/wordpress-395504-1244441.cloudwaysapps.com\/membres\/"},"modified":"2026-03-29T20:29:10","modified_gmt":"2026-03-29T20:29:10","slug":"membres","status":"publish","type":"page","link":"https:\/\/itervitis.eu\/fr\/membres\/","title":{"rendered":"Membres"},"content":{"rendered":"\n<div class=\"wp-block-genesis-blocks-gb-columns gb-layout-columns-1 one-column alignwide\"><div class=\"gb-layout-column-wrap gb-block-layout-column-gap-2 gb-is-responsive-column\">\n<div class=\"wp-block-genesis-blocks-gb-column gb-block-layout-column\"><div class=\"gb-block-layout-column-inner\">\n<div id=\"mapsvg-1170\" data-id=\"1170\" class=\"mapsvg\" data-autoload=\"true\" data-load-db=\"true\" data-loading-text=\"Loading map...\" style=\"width: 100%; height: 0; padding-bottom: 57%\"><\/div>\r\n<\/div><\/div>\n<\/div><\/div>\n\n<div style=\"color:#ddd\" class=\"wp-block-genesis-blocks-gb-spacer no-mobile gb-block-spacer gb-divider-solid gb-divider-size-1\"><hr\/><\/div><br>\n\n<div class=\"wp-block-group\"><div class=\"wp-block-group__inner-container is-layout-flow wp-block-group-is-layout-flow\">\n<h5 class=\"wp-block-heading\">Arm\u00e9nie<\/h5>\n\n\n\n<p><a href=\"http:\/\/escs.am\/en\/\" target=\"_blank\" rel=\"noreferrer noopener nofollow\">Ministry of Education, Science, Culture and Sport of the Republic of Armenia<\/a><\/p>\n<\/div><\/div>\n\n<div class=\"wp-block-group\"><div class=\"wp-block-group__inner-container is-layout-flow wp-block-group-is-layout-flow\">\n<h5 class=\"wp-block-heading\">Azerbaijan<\/h5>\n\n\n\n<p><a href=\"https:\/\/azerbaijanwine.com\/\" target=\"_blank\" rel=\"noreferrer noopener nofollow\">Azerbaijan Tourism Board<\/a><\/p>\n<\/div><\/div>\n\n<div class=\"wp-block-group\"><div class=\"wp-block-group__inner-container is-layout-flow wp-block-group-is-layout-flow\">\n<h5 class=\"wp-block-heading\">Bosnie-Herz\u00e9govine<\/h5>\n\n\n\n<p><a href=\"https:\/\/komorabih.ba\/\" target=\"_blank\" rel=\"noreferrer noopener\">Vanjskotrgovinska komora BiH<\/a><\/p>\n<\/div><\/div>\n\n<div class=\"wp-block-group\"><div class=\"wp-block-group__inner-container is-layout-flow wp-block-group-is-layout-flow\">\n<h5 class=\"wp-block-heading\">Bulgarie<\/h5>\n\n\n\n<p><a href=\"https:\/\/visitbulgaria.com\/\" target=\"_blank\" rel=\"noreferrer noopener\">Ministry of Tourism of Bulgaria<\/a><\/p>\n<\/div><\/div>\n\n<div class=\"wp-block-group\"><div class=\"wp-block-group__inner-container is-layout-flow wp-block-group-is-layout-flow\">\n<h5 class=\"wp-block-heading\">Croatie<\/h5>\n\n\n\n<p><a href=\"http:\/\/www.klubselo.hr\" target=\"_blank\" rel=\"noreferrer noopener nofollow\">Hrvatska Udruga za Turizam i Ruralni Razvoj Klub Clanova Selo<\/a><\/p>\n\n\n\n<p><a href=\"https:\/\/kvarner.wine\/\" target=\"_blank\" rel=\"noreferrer noopener\">Kvarner Wines<\/a><\/p>\n<\/div><\/div>\n\n<div class=\"wp-block-group\"><div class=\"wp-block-group__inner-container is-layout-flow wp-block-group-is-layout-flow\">\n<h5 class=\"wp-block-heading\">Cypre<\/h5>\n\n\n\n<p><a href=\"http:\/\/Www.visitpafos.org.cy\" target=\"_blank\" rel=\"noreferrer noopener nofollow\">Pafos Regional Board of Tourism<\/a><\/p>\n<\/div><\/div>\n\n<div class=\"wp-block-group\"><div class=\"wp-block-group__inner-container is-layout-flow wp-block-group-is-layout-flow\">\n<h5 class=\"wp-block-heading\">France<\/h5>\n\n\n\n<p><a href=\"http:\/\/www.itervitis.fr\/\" target=\"_blank\" rel=\"noreferrer noopener nofollow\">Association Iter Vitis France<\/a><\/p>\n<\/div><\/div>\n\n<div class=\"wp-block-group\"><div class=\"wp-block-group__inner-container is-layout-flow wp-block-group-is-layout-flow\">\n<h5 class=\"wp-block-heading\">G\u00e9orgie<\/h5>\n\n\n\n<p><a href=\"https:\/\/www.facebook.com\/CreativeSparkge\" target=\"_blank\" rel=\"noreferrer noopener\">Creative Spark Foundation<\/a><\/p>\n<\/div><\/div>\n\n<div class=\"wp-block-group\"><div class=\"wp-block-group__inner-container is-layout-flow wp-block-group-is-layout-flow\">\n<h5 class=\"wp-block-heading\">Gr\u00e8ce<\/h5>\n\n\n\n<p><a href=\"http:\/\/www.verymacedonia.gr\" target=\"_blank\" rel=\"noreferrer noopener nofollow\">Region of Central Macedonia Directorate of Tourism<\/a><\/p>\n\n\n\n<p><a href=\"https:\/\/www.naoussa.gr\/\" target=\"_blank\" rel=\"noreferrer noopener nofollow\">Municipality of Naoussa<\/a><\/p>\n\n\n\n<p><a href=\"https:\/\/www.ploigos-ea.gr\/\" target=\"_blank\" rel=\"noreferrer noopener nofollow\">Crete &#8211; PLOIGOS<\/a><\/p>\n\n\n\n<p><a href=\"https:\/\/www.parnonas.gr\/\" target=\"_blank\" rel=\"noreferrer noopener nofollow\">Parnonas &#8211; Malvasia Myth Project<\/a><\/p>\n\n\n\n<p><a href=\"https:\/\/kastoria.gov.gr\/\" target=\"_blank\" rel=\"noreferrer noopener\">Municipality of Kastoria<\/a><\/p>\n\n\n\n<p><a href=\"http:\/\/www.winemakersofnorthgreece.gr\/\" target=\"_blank\" rel=\"noreferrer noopener\">Association of Winemakers of North Greece<\/a><\/p>\n\n\n\n<p><a href=\"https:\/\/idifono.gr\/\" target=\"_blank\" rel=\"noreferrer noopener\">Idifono Cultural Association<\/a><\/p>\n\n\n\n<p><a href=\"https:\/\/www.discoveraigialeia.gr\/aigio-municipal-unit\/?lang=en\" target=\"_blank\" rel=\"noreferrer noopener\">Municipality of Aigialeia<\/a><\/p>\n\n\n\n<p><a href=\"https:\/\/www.nemea.gr\/\" target=\"_blank\" rel=\"noreferrer noopener\">Municipality of Nemea<\/a><\/p>\n\n\n\n<p><a href=\"https:\/\/www.dramanet.gr\/drama\/shared\/index.jsp?context=101&amp;js=1\" target=\"_blank\" rel=\"noreferrer noopener\">Drama Chamber of Commerce <\/a><\/p>\n\n\n\n<p><a href=\"https:\/\/www.ybf.gr\/en\/bibon-wine-library\/\" target=\"_blank\" rel=\"noreferrer noopener\">Bibon Library<\/a><\/p>\n\n\n\n<p><a href=\"https:\/\/www.cvf.gr\/en\/\" target=\"_blank\" rel=\"noreferrer noopener\">Captain Vassilis Foundation<\/a><\/p>\n<\/div><\/div>\n\n<div class=\"wp-block-group\"><div class=\"wp-block-group__inner-container is-layout-flow wp-block-group-is-layout-flow\">\n<h5 class=\"wp-block-heading\">Isra\u00ebl<\/h5>\n\n\n\n<p><a href=\"https:\/\/goisrael.com\/\" target=\"_blank\" rel=\"noreferrer noopener nofollow\">Israel Tourism Ministry<\/a><\/p>\n\n\n\n<p><a href=\"https:\/\/tour-yehuda.org.il\/\" target=\"_blank\" rel=\"noreferrer noopener nofollow\">Matte Yehuda Regional Council &#8211; Judea Wine Region<\/a><\/p>\n\n\n\n<p><a href=\"https:\/\/www.thewaytojerusalem.org\/\" target=\"_blank\" rel=\"noreferrer noopener\">Way to Jerusalem<\/a><\/p>\n<\/div><\/div>\n\n<div class=\"wp-block-group\"><div class=\"wp-block-group__inner-container is-layout-flow wp-block-group-is-layout-flow\">\n<h5 class=\"wp-block-heading\">Italie<\/h5>\n\n\n\n<div class=\"wp-block-group\"><div class=\"wp-block-group__inner-container is-layout-flow wp-block-group-is-layout-flow\">\n<p><a href=\"http:\/\/www.itervitis.it\/\" target=\"_blank\" rel=\"noreferrer noopener nofollow\">Associazione Iter Vitis Italia<\/a><\/p>\n<\/div><\/div>\n<\/div><\/div>\n\n<div class=\"wp-block-group\"><div class=\"wp-block-group__inner-container is-layout-flow wp-block-group-is-layout-flow\">\n<h5 class=\"wp-block-heading\">Liban<\/h5>\n\n\n\n<p><a href=\"http:\/\/www.jabalmoussa.org\/\" target=\"_blank\" rel=\"noreferrer noopener nofollow\">APJM Association for the protection of Jabalmoussa <\/a><\/p>\n\n\n\n<p><a href=\"https:\/\/www.usj.edu.lb\/anglais\/\" target=\"_blank\" rel=\"noreferrer noopener\">Universit\u00e9 Saint Joseph<\/a><\/p>\n<\/div><\/div>\n\n<div class=\"wp-block-group\"><div class=\"wp-block-group__inner-container is-layout-flow wp-block-group-is-layout-flow\">\n<h5 class=\"wp-block-heading\">Luxembourg<\/h5>\n\n\n\n<p><a href=\"https:\/\/www.visitmoselle.lu\/\" target=\"_blank\" rel=\"noreferrer noopener nofollow\">Office R\u00e9gional du Tourisme (ORT) &#8211; R\u00e9gion Moselle Luxembourgeoise<\/a><\/p>\n<\/div><\/div>\n\n<div class=\"wp-block-group\"><div class=\"wp-block-group__inner-container is-layout-flow wp-block-group-is-layout-flow\">\n<h5 class=\"wp-block-heading\">Moldavie<\/h5>\n\n\n\n<p><a href=\"https:\/\/antrim.md\/\" target=\"_blank\" rel=\"noreferrer noopener nofollow\">Moldova National Inbound Tourism Association (ANTRIM) <\/a><\/p>\n<\/div><\/div>\n\n<div class=\"wp-block-group\"><div class=\"wp-block-group__inner-container is-layout-flow wp-block-group-is-layout-flow\">\n<h5 class=\"wp-block-heading\">Mont\u00e9n\u00e9gro<\/h5>\n\n\n\n<p><a href=\"https:\/\/www.udg.edu.me\/en\/\" target=\"_blank\" rel=\"noreferrer noopener nofollow\">University of Donija Gorica<\/a><\/p>\n<\/div><\/div>\n\n<div class=\"wp-block-group\"><div class=\"wp-block-group__inner-container is-layout-flow wp-block-group-is-layout-flow\">\n<h5 class=\"wp-block-heading\">Republic of North Macedonia<\/h5>\n\n\n\n<p><a href=\"https:\/\/tikveswineroute.com\/\" target=\"_blank\" rel=\"noreferrer noopener nofollow\">Tikvesh Wine Route Foundation<\/a><\/p>\n<\/div><\/div>\n\n<div class=\"wp-block-group\"><div class=\"wp-block-group__inner-container is-layout-flow wp-block-group-is-layout-flow\">\n<h5 class=\"wp-block-heading\">Portugal<\/h5>\n\n\n\n<p><a href=\"http:\/\/www.ampv.pt\" target=\"_blank\" rel=\"noreferrer noopener nofollow\">AMPV Associacao dos Municipios Portugueses do Vino<\/a><\/p>\n<\/div><\/div>\n\n<div class=\"wp-block-group\"><div class=\"wp-block-group__inner-container is-layout-flow wp-block-group-is-layout-flow\">\n<h5 class=\"wp-block-heading\">Roumanie<\/h5>\n\n\n\n<p><a href=\"http:\/\/www.turism.gov.ro\" target=\"_blank\" rel=\"noreferrer noopener nofollow\">Ministry of Tourism Romania<\/a><\/p>\n<\/div><\/div>\n\n<div class=\"wp-block-group\"><div class=\"wp-block-group__inner-container is-layout-flow wp-block-group-is-layout-flow\">\n<h5 class=\"wp-block-heading\">F\u00e9d\u00e9ration de Russie (<em>suspendue temporairement de ses activit\u00e9s<\/em>)<\/h5>\n\n\n\n<p><a href=\"https:\/\/www.abraudurso.ru\/\" target=\"_blank\" rel=\"noreferrer noopener nofollow\">Abrau Durso<br\/><\/a>Union of Wine Growers and Winemakers of Russia<\/p>\n<\/div><\/div>\n\n<div class=\"wp-block-group\"><div class=\"wp-block-group__inner-container is-layout-flow wp-block-group-is-layout-flow\">\n<h5 class=\"wp-block-heading\">Slov\u00e9nie<\/h5>\n\n\n\n<p><a aria-label=\"undefined (opens in a new tab)\" href=\"https:\/\/www.kompas-nm.si\/\" target=\"_blank\" rel=\"noreferrer noopener nofollow\">Zdru\u017eenje Konzorcij Turizem v Zidanicah<\/a><br\/><\/p>\n<\/div><\/div>\n\n<div class=\"wp-block-group\"><div class=\"wp-block-group__inner-container is-layout-flow wp-block-group-is-layout-flow\">\n<h5 class=\"wp-block-heading\">Espagne<\/h5>\n\n\n\n<p><a href=\"https:\/\/www.itervitis.es\/\" target=\"_blank\" rel=\"noreferrer noopener nofollow\">Asociaci\u00f3n Iter Vitis Espa\u00f1a<\/a><\/p>\n<\/div><\/div>\n\n<div class=\"wp-block-group\"><div class=\"wp-block-group__inner-container is-layout-flow wp-block-group-is-layout-flow\">\n<h5 class=\"wp-block-heading\">Tunisie<\/h5>\n\n\n\n<p><a href=\"https:\/\/www.utica.org.tn\/Fr\/federations_11_32\" target=\"_blank\" rel=\"noreferrer noopener nofollow\">Association Iter Vitis Tunisia\u00a0<\/a><\/p>\n<\/div><\/div>\n\n<div class=\"wp-block-group\"><div class=\"wp-block-group__inner-container is-layout-flow wp-block-group-is-layout-flow\">\n<h5 class=\"wp-block-heading\">Turquie<\/h5>\n\n\n\n<p><a href=\"https:\/\/agtd.org\/\" target=\"_blank\" rel=\"noreferrer noopener nofollow\">Anadolu Gastro Tourism Association<\/a><\/p>\n\n\n\n<p><div class=\"wp-block-genesis-blocks-gb-columns gb-layout-columns-1 one-column alignwide\"><div class=\"gb-layout-column-wrap gb-block-layout-column-gap-2 gb-is-responsive-column\"><\/div><\/div><br\/><\/p>\n\n\n\n<p><a href=\"https:\/\/www.discovercappadocia.com\/\" target=\"_blank\" rel=\"noreferrer noopener nofollow\">Discover Cappadocia<\/a><\/p>\n\n\n\n<p><a href=\"https:\/\/www.mugla.bel.tr\/\" target=\"_blank\" rel=\"noreferrer noopener nofollow\">Mu\u011fla Metropolitan Municipality<\/a><\/p>\n\n\n\n<p><a href=\"https:\/\/www.wayanatapas.com\/en\/\" target=\"_blank\" rel=\"noreferrer noopener nofollow\">Wayana Wine Bar<\/a><\/p>\n\n\n\n<p><a href=\"https:\/\/www.izmir.bel.tr\/en\/Home\" target=\"_blank\" rel=\"noreferrer noopener\">Izmir<\/a><\/p>\n\n\n\n<p><a href=\"https:\/\/www.calbagyolu.com\/\" target=\"_blank\" rel=\"noreferrer noopener\">\u00c7al Vineyard Route<\/a><\/p>\n\n\n\n<p><a href=\"https:\/\/www.dika.org.tr\/en\" target=\"_blank\" rel=\"noreferrer noopener\">Dicle Development Agency<\/a><\/p>\n\n\n\n<p><a href=\"https:\/\/followthefoxy.com\/\" target=\"_blank\" rel=\"noreferrer noopener\">Follow The Foxy<\/a><\/p>\n\n\n\n<p><a href=\"https:\/\/seferihisar.bel.tr\/\" target=\"_blank\" rel=\"noreferrer noopener\">Municipality of Seferihisar<\/a><\/p>\n\n\n\n<p><a href=\"https:\/\/lawines.com.tr\/eng\/bag.aspx\" target=\"_blank\" rel=\"noreferrer noopener\">Arkas Foundation<\/a><\/p>\n\n\n\n<p><a href=\"https:\/\/www.vinolus.com.tr\/\" target=\"_blank\" rel=\"noreferrer noopener\">Vinolus<\/a><\/p>\n\n\n\n<p><a href=\"http:\/\/www.urlabagyolu.com\" target=\"_blank\" rel=\"noreferrer noopener\">Urla Wine Route Association<\/a><\/p>\n<\/div><\/div>\n\n<div class=\"wp-block-group\"><div class=\"wp-block-group__inner-container is-layout-flow wp-block-group-is-layout-flow\">\n<h5 class=\"wp-block-heading\">Uk<\/h5>\n\n\n\n<p><a href=\"http:\/\/jewishheritagetourseurope.com\" target=\"_blank\" rel=\"noreferrer noopener nofollow\">Yaya Kosher Tour<\/a><\/p>\n\n\n\n<p><a href=\"http:\/\/Www.Winerist.com\" target=\"_blank\" rel=\"noreferrer noopener\">www.winerist.com<\/a><\/p>\n<\/div><\/div>\n\n<div class=\"wp-block-group\"><div class=\"wp-block-group__inner-container is-layout-flow wp-block-group-is-layout-flow\">\n<h5 class=\"wp-block-heading\">Ukraine<\/h5>\n\n\n\n<p><a href=\"https:\/\/www.facebook.com\/FrumushikaNova\/\" target=\"_blank\" rel=\"noreferrer noopener\">Cluster Frumushika-Nova<\/a><\/p>\n<\/div><\/div>\n\n<div style=\"color:#ddd\" class=\"wp-block-genesis-blocks-gb-spacer no-mobile gb-block-spacer gb-divider-solid gb-spacer-divider gb-divider-size-1\"><hr style=\"height:40px\"\/><\/div><br>\n\n<div class=\"wp-block-group\"><div class=\"wp-block-group__inner-container is-layout-flow wp-block-group-is-layout-flow\">\n<h3 class=\"wp-block-heading\">Membres d&rsquo;honneur<\/h3>\n\n\n\n<p><a href=\"https:\/\/www.amth.gr\/en\" target=\"_blank\" rel=\"noreferrer noopener\">Mus\u00e9e arch\u00e9ologique de Thessalonique<\/a> (Gr\u00e8ce)<\/p>\n<\/div><\/div>\n","protected":false},"excerpt":{"rendered":"<p>Arm\u00e9nie Ministry of Education, Science, Culture and Sport of the Republic of Armenia Azerbaijan Azerbaijan Tourism Board Bosnie-Herz\u00e9govine Vanjskotrgovinska komora BiH Bulgarie Ministry of Tourism of Bulgaria Croatie Hrvatska Udruga za Turizam i Ruralni Razvoj Klub Clanova Selo Kvarner Wines Cypre Pafos Regional Board of Tourism France Association Iter Vitis France G\u00e9orgie Creative Spark Foundation [&hellip;]<\/p>\n","protected":false},"author":4,"featured_media":0,"parent":0,"menu_order":0,"comment_status":"closed","ping_status":"closed","template":"","meta":{"inline_featured_image":false,"_genesis_hide_title":false,"_genesis_hide_breadcrumbs":false,"_genesis_hide_singular_image":false,"_genesis_hide_footer_widgets":false,"_genesis_custom_body_class":"","_genesis_custom_post_class":"","_genesis_layout":"","footnotes":""},"class_list":{"0":"post-346","1":"page","2":"type-page","3":"status-publish","5":"entry","6":"has-post-thumbnail"},"yoast_head":"<!-- This site is optimized with the Yoast SEO plugin v27.4 - https:\/\/yoast.com\/product\/yoast-seo-wordpress\/ -->\n<title>Membres - Itervitis<\/title>\n<meta name=\"robots\" content=\"index, follow, max-snippet:-1, max-image-preview:large, max-video-preview:-1\" \/>\n<link rel=\"canonical\" href=\"https:\/\/itervitis.eu\/fr\/membres\/\" \/>\n<meta property=\"og:locale\" content=\"fr_FR\" \/>\n<meta property=\"og:type\" content=\"article\" \/>\n<meta property=\"og:title\" content=\"Membres - Itervitis\" \/>\n<meta property=\"og:description\" content=\"Arm\u00e9nie Ministry of Education, Science, Culture and Sport of the Republic of Armenia Azerbaijan Azerbaijan Tourism Board Bosnie-Herz\u00e9govine Vanjskotrgovinska komora BiH Bulgarie Ministry of Tourism of Bulgaria Croatie Hrvatska Udruga za Turizam i Ruralni Razvoj Klub Clanova Selo Kvarner Wines Cypre Pafos Regional Board of Tourism France Association Iter Vitis France G\u00e9orgie Creative Spark Foundation [&hellip;]\" \/>\n<meta property=\"og:url\" content=\"https:\/\/itervitis.eu\/fr\/membres\/\" \/>\n<meta property=\"og:site_name\" content=\"Itervitis\" \/>\n<meta property=\"article:modified_time\" content=\"2026-03-29T20:29:10+00:00\" \/>\n<meta name=\"twitter:card\" content=\"summary_large_image\" \/>\n<meta name=\"twitter:label1\" content=\"Dur\u00e9e de lecture estim\u00e9e\" \/>\n\t<meta name=\"twitter:data1\" content=\"2 minutes\" \/>\n<script type=\"application\/ld+json\" class=\"yoast-schema-graph\">{\"@context\":\"https:\\\/\\\/schema.org\",\"@graph\":[{\"@type\":\"WebPage\",\"@id\":\"https:\\\/\\\/itervitis.eu\\\/fr\\\/membres\\\/\",\"url\":\"https:\\\/\\\/itervitis.eu\\\/fr\\\/membres\\\/\",\"name\":\"Membres - Itervitis\",\"isPartOf\":{\"@id\":\"https:\\\/\\\/itervitis.eu\\\/fr\\\/#website\"},\"datePublished\":\"2019-11-07T16:11:58+00:00\",\"dateModified\":\"2026-03-29T20:29:10+00:00\",\"breadcrumb\":{\"@id\":\"https:\\\/\\\/itervitis.eu\\\/fr\\\/membres\\\/#breadcrumb\"},\"inLanguage\":\"fr-FR\",\"potentialAction\":[{\"@type\":\"ReadAction\",\"target\":[\"https:\\\/\\\/itervitis.eu\\\/fr\\\/membres\\\/\"]}]},{\"@type\":\"BreadcrumbList\",\"@id\":\"https:\\\/\\\/itervitis.eu\\\/fr\\\/membres\\\/#breadcrumb\",\"itemListElement\":[{\"@type\":\"ListItem\",\"position\":1,\"name\":\"Home\",\"item\":\"https:\\\/\\\/itervitis.eu\\\/fr\\\/\"},{\"@type\":\"ListItem\",\"position\":2,\"name\":\"Membres\"}]},{\"@type\":\"WebSite\",\"@id\":\"https:\\\/\\\/itervitis.eu\\\/fr\\\/#website\",\"url\":\"https:\\\/\\\/itervitis.eu\\\/fr\\\/\",\"name\":\"Itervitis\",\"description\":\"Les Chemins de la Vigne\",\"publisher\":{\"@id\":\"https:\\\/\\\/itervitis.eu\\\/fr\\\/#organization\"},\"potentialAction\":[{\"@type\":\"SearchAction\",\"target\":{\"@type\":\"EntryPoint\",\"urlTemplate\":\"https:\\\/\\\/itervitis.eu\\\/fr\\\/?s={search_term_string}\"},\"query-input\":{\"@type\":\"PropertyValueSpecification\",\"valueRequired\":true,\"valueName\":\"search_term_string\"}}],\"inLanguage\":\"fr-FR\"},{\"@type\":\"Organization\",\"@id\":\"https:\\\/\\\/itervitis.eu\\\/fr\\\/#organization\",\"name\":\"Itervitis\",\"url\":\"https:\\\/\\\/itervitis.eu\\\/fr\\\/\",\"logo\":{\"@type\":\"ImageObject\",\"inLanguage\":\"fr-FR\",\"@id\":\"https:\\\/\\\/itervitis.eu\\\/fr\\\/#\\\/schema\\\/logo\\\/image\\\/\",\"url\":\"https:\\\/\\\/itervitis.eu\\\/wp-content\\\/uploads\\\/2020\\\/02\\\/itervitis-logo.png\",\"contentUrl\":\"https:\\\/\\\/itervitis.eu\\\/wp-content\\\/uploads\\\/2020\\\/02\\\/itervitis-logo.png\",\"width\":980,\"height\":1110,\"caption\":\"Itervitis\"},\"image\":{\"@id\":\"https:\\\/\\\/itervitis.eu\\\/fr\\\/#\\\/schema\\\/logo\\\/image\\\/\"}}]}<\/script>\n<!-- \/ Yoast SEO plugin. -->","yoast_head_json":{"title":"Membres - Itervitis","robots":{"index":"index","follow":"follow","max-snippet":"max-snippet:-1","max-image-preview":"max-image-preview:large","max-video-preview":"max-video-preview:-1"},"canonical":"https:\/\/itervitis.eu\/fr\/membres\/","og_locale":"fr_FR","og_type":"article","og_title":"Membres - Itervitis","og_description":"Arm\u00e9nie Ministry of Education, Science, Culture and Sport of the Republic of Armenia Azerbaijan Azerbaijan Tourism Board Bosnie-Herz\u00e9govine Vanjskotrgovinska komora BiH Bulgarie Ministry of Tourism of Bulgaria Croatie Hrvatska Udruga za Turizam i Ruralni Razvoj Klub Clanova Selo Kvarner Wines Cypre Pafos Regional Board of Tourism France Association Iter Vitis France G\u00e9orgie Creative Spark Foundation [&hellip;]","og_url":"https:\/\/itervitis.eu\/fr\/membres\/","og_site_name":"Itervitis","article_modified_time":"2026-03-29T20:29:10+00:00","twitter_card":"summary_large_image","twitter_misc":{"Dur\u00e9e de lecture estim\u00e9e":"2 minutes"},"schema":{"@context":"https:\/\/schema.org","@graph":[{"@type":"WebPage","@id":"https:\/\/itervitis.eu\/fr\/membres\/","url":"https:\/\/itervitis.eu\/fr\/membres\/","name":"Membres - Itervitis","isPartOf":{"@id":"https:\/\/itervitis.eu\/fr\/#website"},"datePublished":"2019-11-07T16:11:58+00:00","dateModified":"2026-03-29T20:29:10+00:00","breadcrumb":{"@id":"https:\/\/itervitis.eu\/fr\/membres\/#breadcrumb"},"inLanguage":"fr-FR","potentialAction":[{"@type":"ReadAction","target":["https:\/\/itervitis.eu\/fr\/membres\/"]}]},{"@type":"BreadcrumbList","@id":"https:\/\/itervitis.eu\/fr\/membres\/#breadcrumb","itemListElement":[{"@type":"ListItem","position":1,"name":"Home","item":"https:\/\/itervitis.eu\/fr\/"},{"@type":"ListItem","position":2,"name":"Membres"}]},{"@type":"WebSite","@id":"https:\/\/itervitis.eu\/fr\/#website","url":"https:\/\/itervitis.eu\/fr\/","name":"Itervitis","description":"Les Chemins de la Vigne","publisher":{"@id":"https:\/\/itervitis.eu\/fr\/#organization"},"potentialAction":[{"@type":"SearchAction","target":{"@type":"EntryPoint","urlTemplate":"https:\/\/itervitis.eu\/fr\/?s={search_term_string}"},"query-input":{"@type":"PropertyValueSpecification","valueRequired":true,"valueName":"search_term_string"}}],"inLanguage":"fr-FR"},{"@type":"Organization","@id":"https:\/\/itervitis.eu\/fr\/#organization","name":"Itervitis","url":"https:\/\/itervitis.eu\/fr\/","logo":{"@type":"ImageObject","inLanguage":"fr-FR","@id":"https:\/\/itervitis.eu\/fr\/#\/schema\/logo\/image\/","url":"https:\/\/itervitis.eu\/wp-content\/uploads\/2020\/02\/itervitis-logo.png","contentUrl":"https:\/\/itervitis.eu\/wp-content\/uploads\/2020\/02\/itervitis-logo.png","width":980,"height":1110,"caption":"Itervitis"},"image":{"@id":"https:\/\/itervitis.eu\/fr\/#\/schema\/logo\/image\/"}}]}},"featured_image_src":null,"featured_image_src_square":null,"_links":{"self":[{"href":"https:\/\/itervitis.eu\/fr\/wp-json\/wp\/v2\/pages\/346","targetHints":{"allow":["GET"]}}],"collection":[{"href":"https:\/\/itervitis.eu\/fr\/wp-json\/wp\/v2\/pages"}],"about":[{"href":"https:\/\/itervitis.eu\/fr\/wp-json\/wp\/v2\/types\/page"}],"author":[{"embeddable":true,"href":"https:\/\/itervitis.eu\/fr\/wp-json\/wp\/v2\/users\/4"}],"replies":[{"embeddable":true,"href":"https:\/\/itervitis.eu\/fr\/wp-json\/wp\/v2\/comments?post=346"}],"version-history":[{"count":57,"href":"https:\/\/itervitis.eu\/fr\/wp-json\/wp\/v2\/pages\/346\/revisions"}],"predecessor-version":[{"id":4119,"href":"https:\/\/itervitis.eu\/fr\/wp-json\/wp\/v2\/pages\/346\/revisions\/4119"}],"wp:attachment":[{"href":"https:\/\/itervitis.eu\/fr\/wp-json\/wp\/v2\/media?parent=346"}],"curies":[{"name":"wp","href":"https:\/\/api.w.org\/{rel}","templated":true}]}}