{"id":344,"date":"2019-11-07T15:36:16","date_gmt":"2019-11-07T15:36:16","guid":{"rendered":"https:\/home\/395504.cloudwaysapps.com\/awsnbfjzrv\/public_html\/wordpress-395504-1244441.cloudwaysapps.com\/la-federation\/"},"modified":"2025-09-25T11:29:38","modified_gmt":"2025-09-25T11:29:38","slug":"la-federation","status":"publish","type":"page","link":"https:\/\/itervitis.eu\/fr\/la-federation\/","title":{"rendered":"La F\u00e9d\u00e9ration"},"content":{"rendered":"\n<figure class=\"wp-block-image alignwide size-large mb-0 authority-featured-image\"><img decoding=\"async\" width=\"1200\" height=\"385\" data-src=\"https:\/\/itervitis.eu\/wp-content\/uploads\/2019\/11\/routes-of-europe-1200x385.jpg\" alt=\"routes-of-europe\" class=\"wp-image-488 lazyload\" src=\"data:image\/svg+xml;base64,PHN2ZyB3aWR0aD0iMSIgaGVpZ2h0PSIxIiB4bWxucz0iaHR0cDovL3d3dy53My5vcmcvMjAwMC9zdmciPjwvc3ZnPg==\" style=\"--smush-placeholder-width: 1200px; --smush-placeholder-aspect-ratio: 1200\/385;\" \/><\/figure>\n\n<div style=\"color:#ddd\" class=\"wp-block-genesis-blocks-gb-spacer no-mobile gb-block-spacer gb-divider-solid gb-divider-size-1\"><hr style=\"height:30px\"\/><\/div><br>\n\n<div class=\"wp-block-columns alignwide is-layout-flex wp-container-core-columns-is-layout-9d6595d7 wp-block-columns-is-layout-flex\">\n<div class=\"wp-block-column is-layout-flow wp-block-column-is-layout-flow\">\n<h2 class=\"wp-block-heading\">La F\u00e9d\u00e9ration europ\u00e9enne Iter Vitis<\/h2>\n\n\n\n<p>Le\u00a0<b>F\u00e9d\u00e9ration europ\u00e9enne Iter Vitis<\/b>\u00a0est une association \u00e0 but non lucratif de dur\u00e9e ind\u00e9termin\u00e9e, issue de l&rsquo;Association internationale Iter Vitis fond\u00e9e en Sambuca di Sicilia (Ag-Sicile) en 2007 dans le but principal de promouvoir, valoriser et sauvegarder l&rsquo;h\u00e9ritage tangible et intangible \u00e0 travers\u00a0<b>la cr\u00e9ation et la gestion de la route \u00ab\u00a0Iter Vitis &#8211; Les Chemins de la Vigne\u00a0\u00bb, reconnue par le Conseil de l&rsquo;Europe le 15 mai 2009<\/b>\u00a0come 25\u00b0 Itinerario Culturale Europeo (<strong><em>www.coe.int\/en\/web\/cultural-routes\/the-iter-vitis-route<\/em><\/strong>).<\/p>\n\n\n\n<p>Le\u00a0<b>si\u00e8ge<\/b>\u00a0<b>institutionnel et juridique est \u00e0 Sambuca di Sicilia (Palazzo Panitteri)<\/b>, tandis que le lieu d&rsquo;exploitation peut varier en fonction des strat\u00e9gies et des orientations qui seront consid\u00e9r\u00e9es \u00e0 long terme comme les plus adapt\u00e9es \u00e0 la valorisation de l&rsquo;itin\u00e9raire lui-m\u00eame.<\/p>\n\n\n\n<p>Comme \u00e9tabli \u00e0 Viana do Castelo le 1er juillet 2015, les membres de chaque pays europ\u00e9en peuvent rejoindre le circuit, rassembl\u00e9s en associations ou d&rsquo;une autre mani\u00e8re autoris\u00e9e par le Statut ou les membres de plusieurs pays regroup\u00e9s de mani\u00e8re \u00e0 repr\u00e9senter une seule association en interaction avec la F\u00e9d\u00e9ration. Iter Vitis France, Iter Vitis Balkanis (ex-R\u00e9publique yougoslave de Mac\u00e9doine, Mont\u00e9n\u00e9gro, Albanie, Serbie, Gr\u00e8ce, etc.), Iter Vitis Iberica (Espagne et Portugal), etc.<\/p>\n\n\n\n<div class=\"wp-block-genesis-blocks-gb-columns gb-layout-columns-2 gb-2-col-equal\"><div class=\"gb-layout-column-wrap gb-block-layout-column-gap-2 gb-is-responsive-column\">\n<div class=\"wp-block-genesis-blocks-gb-column gb-block-layout-column\"><div class=\"gb-block-layout-column-inner\">\n<div class=\"wp-block-buttons is-layout-flex wp-block-buttons-is-layout-flex\">\n<div class=\"wp-block-button gb-block-button\"><a class=\"wp-block-button__link has-text-color has-background has-custom-font-size wp-element-button\" href=\"https:\/\/itervitis.eu\/fr\/reglement\/\" style=\"border-radius:0px;color:#ffffff;background-color:#3e2b34;padding-top:10px;padding-right:1em;padding-bottom:10px;padding-left:1em;font-size:20px;line-height:1.2\">Voir R\u00e8glement<\/a><\/div>\n<\/div>\n<\/div><\/div>\n\n\n\n<div class=\"wp-block-genesis-blocks-gb-column gb-block-layout-column\"><div class=\"gb-block-layout-column-inner\">\n<div class=\"wp-block-buttons is-layout-flex wp-block-buttons-is-layout-flex\">\n<div class=\"wp-block-button gb-block-button\"><a class=\"wp-block-button__link has-text-color has-background has-custom-font-size wp-element-button\" href=\"https:\/\/itervitis.eu\/fr\/statut\/\" style=\"border-radius:0px;color:#ffffff;background-color:#3e2b34;padding-top:10px;padding-right:1em;padding-bottom:10px;padding-left:1em;font-size:20px;line-height:1.2\">Voir Statut<\/a><\/div>\n<\/div>\n<\/div><\/div>\n<\/div><\/div>\n<\/div>\n\n\n\n<div class=\"wp-block-column is-layout-flow wp-block-column-is-layout-flow\">\n<div style=\"color:#ddd\" class=\"wp-block-genesis-blocks-gb-spacer no-mobile gb-block-spacer gb-divider-solid gb-divider-size-1\"><hr style=\"height:50px\"\/><\/div><br>\n\n\n\n<figure class=\"wp-block-image size-large\"><img decoding=\"async\" width=\"744\" height=\"1024\" data-src=\"https:\/\/itervitis.eu\/wp-content\/uploads\/2019\/11\/14-villa-verdi-744x1024.jpg\" alt=\"\" class=\"wp-image-218 lazyload\" data-srcset=\"https:\/\/itervitis.eu\/wp-content\/uploads\/2019\/11\/14-villa-verdi-744x1024.jpg 744w, https:\/\/itervitis.eu\/wp-content\/uploads\/2019\/11\/14-villa-verdi-744x1024-218x300.jpg 218w\" data-sizes=\"(max-width: 744px) 100vw, 744px\" src=\"data:image\/svg+xml;base64,PHN2ZyB3aWR0aD0iMSIgaGVpZ2h0PSIxIiB4bWxucz0iaHR0cDovL3d3dy53My5vcmcvMjAwMC9zdmciPjwvc3ZnPg==\" style=\"--smush-placeholder-width: 744px; --smush-placeholder-aspect-ratio: 744\/1024;\" \/><\/figure>\n<\/div>\n<\/div>\n\n<hr class=\"wp-block-separator has-css-opacity\"\/>\n\n<div class=\"wp-block-columns alignwide is-layout-flex wp-container-core-columns-is-layout-9d6595d7 wp-block-columns-is-layout-flex\">\n<div class=\"wp-block-column is-layout-flow wp-block-column-is-layout-flow\">\n<h2 class=\"wp-block-heading\">Mission<\/h2>\n\n\n\n<p>Le paysage repr\u00e9sente un facteur primordial pour la d\u00e9couverte d&rsquo;un territoire et un \u00e9l\u00e9ment de grand attrait.<\/p>\n\n\n\n<p>La culture de la vigne et du vin et le paysage viticole constituent un patrimoine mat\u00e9riel et immat\u00e9riel de la communaut\u00e9, une composante essentielle de l&rsquo;histoire d&rsquo;un territoire, des signes lisibles et exp\u00e9riment\u00e9s: telle est l&rsquo;hypoth\u00e8se sous-jacente\u00a0<b>Route Culturelle Europ\u00e9enne de la vigne et du vin \u00ab\u00a0Iter Vitis &#8211; Les Chemins de la Vigne\u00a0\u00bb<\/b>\u201d, promu par la F\u00e9d\u00e9ration europ\u00e9enne Iter Vitis et reconnu par le Conseil de l&rsquo;Europe le 15 mai 2009 comme 25\u00e8me Itin\u00e9raire Culturel Europ\u00e9en.<\/p>\n<\/div>\n\n\n\n<div class=\"wp-block-column is-layout-flow wp-block-column-is-layout-flow\">\n<div style=\"color:#ddd\" class=\"wp-block-genesis-blocks-gb-spacer no-mobile gb-block-spacer gb-divider-solid gb-divider-size-1\"><hr style=\"height:50px\"\/><\/div><br>\n\n\n\n<p>Le projet vise donc \u00e0 offrir une nouvelle perspective de voyage, de renouvellement et d&rsquo;am\u00e9lioration de l&rsquo;offre viticole en favorisant la grande vari\u00e9t\u00e9 de paysages viticoles et de paysages europ\u00e9ens, notamment gr\u00e2ce \u00e0:<\/p>\n\n\n\n<ul class=\"wp-block-list\">\n<li>la cartographie et la d\u00e9fense du patrimoine des vignes historiques et anciennes et de la culture de la vigne et du vin;<\/li>\n\n\n\n<li>la promotion de la recherche, de la documentation et de la protection de l&rsquo;environnement dans la d\u00e9fense de la biodiversit\u00e9;<\/li>\n\n\n\n<li>le d\u00e9veloppement de formes de tourisme conscientes et durables, sp\u00e9cialement destin\u00e9es aux jeunes.<\/li>\n<\/ul>\n<\/div>\n<\/div>\n\n<hr class=\"wp-block-separator has-css-opacity\"\/>\n\n<div class=\"wp-block-columns alignwide is-layout-flex wp-container-core-columns-is-layout-9d6595d7 wp-block-columns-is-layout-flex\">\n<div class=\"wp-block-column is-layout-flow wp-block-column-is-layout-flow\">\n<h2 class=\"wp-block-heading\">Objectifs et actions<\/h2>\n\n\n\n<p>La F\u00e9d\u00e9ration europ\u00e9enne Iter Vitis se propose de r\u00e9glementer, promouvoir et soutenir les actions des membres, ses\u00a0<b>objectifs<\/b>\u00a0sont les suivants:<\/p>\n\n\n\n<ul class=\"wp-block-list\">\n<li>Promouvoir de mani\u00e8re concr\u00e8te la protection du paysage rural europ\u00e9en consid\u00e9r\u00e9 comme un bien mat\u00e9riel et immat\u00e9riel \u00e0 haute valeur ajout\u00e9e.<\/li>\n\n\n\n<li>Soulignant comment la production vitivinicole a toujours \u00e9t\u00e9 un symbole pour le reste du monde d&rsquo;identification de l&rsquo;identit\u00e9 europ\u00e9enne et comment les connaissances techniques \u2013 \u00e0 la base de cette production \u2013 ont contribu\u00e9 au fil des si\u00e8cles \u00e0 la construction de la citoyennet\u00e9 europ\u00e9enne des r\u00e9gions, des populations et des nations. identit\u00e9s.<\/li>\n\n\n\n<li>D\u00e9finir les typologies des paysages viticoles et des territoires publics et priv\u00e9s, o\u00f9 la viticulture a laiss\u00e9 des traces importantes par rapport aux diff\u00e9rentes formes de pratique viticole, et d\u00e9finir les bonnes mani\u00e8res et bonnes pratiques pour leur conservation, promotion et entretien des techniques traditionnelles. La cr\u00e9ation d&rsquo;une base de donn\u00e9es des vignobles historiques est importante non seulement pour la connaissance de leur voyage en Europe, mais aussi pour restituer leur histoire, tant ancienne que contemporaine, comme fondement essentiel d&rsquo;une politique de respect de la qualit\u00e9 du patrimoine viticole europ\u00e9en.<\/li>\n\n\n\n<li>Sauvegarder la biodiversit\u00e9 viticole, proposer la qualit\u00e9 de vie en milieu rural comme mod\u00e8le d&rsquo;avenir et contribuer au d\u00e9veloppement local en mettant en synergie l&rsquo;usage traditionnel du paysage et l&rsquo;approche touristique du territoire et en suivant la logique d&rsquo;int\u00e9gration, de participation et de durabilit\u00e9.<\/li>\n\n\n\n<li>D\u00e9velopper des rencontres p\u00e9dagogiques et culturelles pour organiser des \u00e9changes en vue d&rsquo;une meilleure connaissance du ph\u00e9nom\u00e8ne et de son importance dans la culture europ\u00e9enne.<\/li>\n\n\n\n<li>Am\u00e9liorer la coordination op\u00e9rationnelle du r\u00e9seau de villes, de r\u00e9gions et de routes des vins gr\u00e2ce \u00e0 des outils de coop\u00e9ration et d&rsquo;\u00e9change de connaissances et de technologies et \u00e0 travers de meilleurs processus de gestion et de diffusion.<\/li>\n<\/ul>\n<\/div>\n\n\n\n<div class=\"wp-block-column is-layout-flow wp-block-column-is-layout-flow\">\n<div class=\"wp-block-group\"><div class=\"wp-block-group__inner-container is-layout-flow wp-block-group-is-layout-flow\">\n<div style=\"color:#ddd\" class=\"wp-block-genesis-blocks-gb-spacer no-mobile gb-block-spacer gb-divider-solid gb-divider-size-1\"><hr style=\"height:50px\"\/><\/div><br>\n\n\n\n<ul class=\"wp-block-list\">\n<li>D\u00e9velopper des activit\u00e9s de recherche et d&rsquo;\u00e9tudes et des campagnes de communication scientifique, culturelle, artistique, sociale, \u00e9conomique et touristique entre les villes et les pays participants \u00e0 travers des projets et des initiatives susceptibles de promouvoir la connaissance des zones viticoles et une meilleure diffusion de l&rsquo;identit\u00e9 et de l&rsquo;image culturelles europ\u00e9ennes.<\/li>\n\n\n\n<li>Soulignant l&rsquo;importance de prot\u00e9ger le vignoble et les paysages face \u00e0 la mondialisation, conform\u00e9ment aux orientations de la Convention europ\u00e9enne du paysage, de l&rsquo;UNESCO et de la Charte de Fontevraud pour le paysage viticole.<\/li>\n<\/ul>\n\n\n\n<p>Pour atteindre ces objectifs, la F\u00e9d\u00e9ration peut adh\u00e9rer \u00e0 des organisations et organisations internationales, nationales ou r\u00e9gionales conform\u00e9ment \u00e0 ses obligations l\u00e9gales, participer ou promouvoir la cr\u00e9ation d&rsquo;institutions, soci\u00e9t\u00e9s, associations ou organismes de nature juridique et mener \u00e0 bien les suivantes\u00a0<b>activit\u00e9s<\/b>:<\/p>\n\n\n\n<ul class=\"wp-block-list\">\n<li>Des actions en direction des jeunes<\/li>\n\n\n\n<li>Actions pour la protection de la dimension artistique de l&rsquo;itin\u00e9raire<\/li>\n\n\n\n<li>Actions pour la promotion du tourisme durable dans les territoires concern\u00e9s<\/li>\n\n\n\n<li>Actions d&rsquo;interaction avec les itin\u00e9raires culturels du Conseil de l&rsquo;Europe ou d&rsquo;autres itin\u00e9raires culturels pour l&rsquo;affirmation de valeurs communes<\/li>\n\n\n\n<li>Actions de communication<\/li>\n\n\n\n<li>Actions pour la formation des op\u00e9rateurs<\/li>\n<\/ul>\n<\/div><\/div>\n<\/div>\n<\/div>\n\n<hr class=\"wp-block-separator has-css-opacity\"\/>\n\n<div class=\"wp-block-columns alignwide is-layout-flex wp-container-core-columns-is-layout-9d6595d7 wp-block-columns-is-layout-flex\">\n<div class=\"wp-block-column is-layout-flow wp-block-column-is-layout-flow\">\n<div style=\"color:#ddd\" class=\"wp-block-genesis-blocks-gb-spacer no-mobile gb-block-spacer gb-divider-solid gb-divider-size-1\"><hr style=\"height:50px\"\/><\/div><br>\n\n\n\n<figure class=\"wp-block-image size-large\"><img decoding=\"async\" width=\"958\" height=\"669\" data-src=\"https:\/\/itervitis.eu\/wp-content\/uploads\/2019\/11\/I-COLLI-DEL-SANNIO_bicchieri.jpg\" alt=\"\" class=\"wp-image-237 lazyload\" data-srcset=\"https:\/\/itervitis.eu\/wp-content\/uploads\/2019\/11\/I-COLLI-DEL-SANNIO_bicchieri.jpg 958w, https:\/\/itervitis.eu\/wp-content\/uploads\/2019\/11\/I-COLLI-DEL-SANNIO_bicchieri-300x209.jpg 300w, https:\/\/itervitis.eu\/wp-content\/uploads\/2019\/11\/I-COLLI-DEL-SANNIO_bicchieri-768x536.jpg 768w\" data-sizes=\"(max-width: 958px) 100vw, 958px\" src=\"data:image\/svg+xml;base64,PHN2ZyB3aWR0aD0iMSIgaGVpZ2h0PSIxIiB4bWxucz0iaHR0cDovL3d3dy53My5vcmcvMjAwMC9zdmciPjwvc3ZnPg==\" style=\"--smush-placeholder-width: 958px; --smush-placeholder-aspect-ratio: 958\/669;\" \/><\/figure>\n<\/div>\n\n\n\n<div class=\"wp-block-column is-layout-flow wp-block-column-is-layout-flow\">\n<h2 class=\"wp-block-heading\">Organes<\/h2>\n\n\n\n<p><strong>Emanuela Panke, Pr\u00e9sident<\/strong> <em>(Italie)<\/em><\/p>\n\n\n\n<p><strong>Natalia Turcanu, Treasurer<\/strong> <em>(Moldova)<\/em><\/p>\n\n\n\n<p><strong>Diana Lazar, Manager<\/strong> <em>(Moldova)<\/em><\/p>\n\n\n\n<div class=\"wp-block-genesis-blocks-gb-accordion gb-block-accordion\"><details><summary class=\"gb-accordion-title\">Board of directors<\/summary><div class=\"gb-accordion-text\">\n<p>Didier Cujives <em>(France )<\/em><\/p>\n\n\n\n<p>Gregorio Sparacino <em>(Italy)<\/em><\/p>\n\n\n\n<p>Jose Arruda <em>(Portugal)<\/em><\/p>\n\n\n\n<p>Violeta Jankova <em>(Nord Mac\u00e9doine)<\/em><\/p>\n\n\n\n<p>Yolla Chamoun <em>(Lebanon)<\/em><\/p>\n\n\n\n<p>Dijana Katica <em>(Croatie)<\/em><\/p>\n<\/div><\/details><\/div>\n<\/div>\n<\/div>\n","protected":false},"excerpt":{"rendered":"<p>La F\u00e9d\u00e9ration europ\u00e9enne Iter Vitis Le\u00a0F\u00e9d\u00e9ration europ\u00e9enne Iter Vitis\u00a0est une association \u00e0 but non lucratif de dur\u00e9e ind\u00e9termin\u00e9e, issue de l&rsquo;Association internationale Iter Vitis fond\u00e9e en Sambuca di Sicilia (Ag-Sicile) en 2007 dans le but principal de promouvoir, valoriser et sauvegarder l&rsquo;h\u00e9ritage tangible et intangible \u00e0 travers\u00a0la cr\u00e9ation et la gestion de la route \u00ab\u00a0Iter [&hellip;]<\/p>\n","protected":false},"author":4,"featured_media":0,"parent":0,"menu_order":0,"comment_status":"closed","ping_status":"closed","template":"","meta":{"inline_featured_image":false,"_genesis_hide_title":true,"_genesis_hide_breadcrumbs":false,"_genesis_hide_singular_image":false,"_genesis_hide_footer_widgets":false,"_genesis_custom_body_class":"","_genesis_custom_post_class":"","_genesis_layout":"","footnotes":""},"class_list":{"0":"post-344","1":"page","2":"type-page","3":"status-publish","5":"entry"},"yoast_head":"<!-- This site is optimized with the Yoast SEO plugin v27.4 - https:\/\/yoast.com\/product\/yoast-seo-wordpress\/ -->\n<title>La F\u00e9d\u00e9ration - Itervitis<\/title>\n<meta name=\"robots\" content=\"index, follow, max-snippet:-1, max-image-preview:large, max-video-preview:-1\" \/>\n<link rel=\"canonical\" href=\"https:\/\/itervitis.eu\/fr\/la-federation\/\" \/>\n<meta property=\"og:locale\" content=\"fr_FR\" \/>\n<meta property=\"og:type\" content=\"article\" \/>\n<meta property=\"og:title\" content=\"La F\u00e9d\u00e9ration - Itervitis\" \/>\n<meta property=\"og:description\" content=\"La F\u00e9d\u00e9ration europ\u00e9enne Iter Vitis Le\u00a0F\u00e9d\u00e9ration europ\u00e9enne Iter Vitis\u00a0est une association \u00e0 but non lucratif de dur\u00e9e ind\u00e9termin\u00e9e, issue de l&rsquo;Association internationale Iter Vitis fond\u00e9e en Sambuca di Sicilia (Ag-Sicile) en 2007 dans le but principal de promouvoir, valoriser et sauvegarder l&rsquo;h\u00e9ritage tangible et intangible \u00e0 travers\u00a0la cr\u00e9ation et la gestion de la route \u00ab\u00a0Iter [&hellip;]\" \/>\n<meta property=\"og:url\" content=\"https:\/\/itervitis.eu\/fr\/la-federation\/\" \/>\n<meta property=\"og:site_name\" content=\"Itervitis\" \/>\n<meta property=\"article:modified_time\" content=\"2025-09-25T11:29:38+00:00\" \/>\n<meta property=\"og:image\" content=\"https:\/\/itervitis.eu\/wp-content\/uploads\/2019\/11\/routes-of-europe.jpg\" \/>\n\t<meta property=\"og:image:width\" content=\"1260\" \/>\n\t<meta property=\"og:image:height\" content=\"840\" \/>\n\t<meta property=\"og:image:type\" content=\"image\/jpeg\" \/>\n<meta name=\"twitter:card\" content=\"summary_large_image\" \/>\n<meta name=\"twitter:label1\" content=\"Dur\u00e9e de lecture estim\u00e9e\" \/>\n\t<meta name=\"twitter:data1\" content=\"5 minutes\" \/>\n<script type=\"application\/ld+json\" class=\"yoast-schema-graph\">{\"@context\":\"https:\\\/\\\/schema.org\",\"@graph\":[{\"@type\":\"WebPage\",\"@id\":\"https:\\\/\\\/itervitis.eu\\\/fr\\\/la-federation\\\/\",\"url\":\"https:\\\/\\\/itervitis.eu\\\/fr\\\/la-federation\\\/\",\"name\":\"La F\u00e9d\u00e9ration - Itervitis\",\"isPartOf\":{\"@id\":\"https:\\\/\\\/itervitis.eu\\\/fr\\\/#website\"},\"primaryImageOfPage\":{\"@id\":\"https:\\\/\\\/itervitis.eu\\\/fr\\\/la-federation\\\/#primaryimage\"},\"image\":{\"@id\":\"https:\\\/\\\/itervitis.eu\\\/fr\\\/la-federation\\\/#primaryimage\"},\"thumbnailUrl\":\"https:\\\/\\\/itervitis.eu\\\/wp-content\\\/uploads\\\/2019\\\/11\\\/routes-of-europe-1200x385.jpg\",\"datePublished\":\"2019-11-07T15:36:16+00:00\",\"dateModified\":\"2025-09-25T11:29:38+00:00\",\"breadcrumb\":{\"@id\":\"https:\\\/\\\/itervitis.eu\\\/fr\\\/la-federation\\\/#breadcrumb\"},\"inLanguage\":\"fr-FR\",\"potentialAction\":[{\"@type\":\"ReadAction\",\"target\":[\"https:\\\/\\\/itervitis.eu\\\/fr\\\/la-federation\\\/\"]}]},{\"@type\":\"ImageObject\",\"inLanguage\":\"fr-FR\",\"@id\":\"https:\\\/\\\/itervitis.eu\\\/fr\\\/la-federation\\\/#primaryimage\",\"url\":\"https:\\\/\\\/itervitis.eu\\\/wp-content\\\/uploads\\\/2019\\\/11\\\/routes-of-europe-1200x385.jpg\",\"contentUrl\":\"https:\\\/\\\/itervitis.eu\\\/wp-content\\\/uploads\\\/2019\\\/11\\\/routes-of-europe-1200x385.jpg\"},{\"@type\":\"BreadcrumbList\",\"@id\":\"https:\\\/\\\/itervitis.eu\\\/fr\\\/la-federation\\\/#breadcrumb\",\"itemListElement\":[{\"@type\":\"ListItem\",\"position\":1,\"name\":\"Home\",\"item\":\"https:\\\/\\\/itervitis.eu\\\/fr\\\/\"},{\"@type\":\"ListItem\",\"position\":2,\"name\":\"La F\u00e9d\u00e9ration\"}]},{\"@type\":\"WebSite\",\"@id\":\"https:\\\/\\\/itervitis.eu\\\/fr\\\/#website\",\"url\":\"https:\\\/\\\/itervitis.eu\\\/fr\\\/\",\"name\":\"Itervitis\",\"description\":\"Les Chemins de la Vigne\",\"publisher\":{\"@id\":\"https:\\\/\\\/itervitis.eu\\\/fr\\\/#organization\"},\"potentialAction\":[{\"@type\":\"SearchAction\",\"target\":{\"@type\":\"EntryPoint\",\"urlTemplate\":\"https:\\\/\\\/itervitis.eu\\\/fr\\\/?s={search_term_string}\"},\"query-input\":{\"@type\":\"PropertyValueSpecification\",\"valueRequired\":true,\"valueName\":\"search_term_string\"}}],\"inLanguage\":\"fr-FR\"},{\"@type\":\"Organization\",\"@id\":\"https:\\\/\\\/itervitis.eu\\\/fr\\\/#organization\",\"name\":\"Itervitis\",\"url\":\"https:\\\/\\\/itervitis.eu\\\/fr\\\/\",\"logo\":{\"@type\":\"ImageObject\",\"inLanguage\":\"fr-FR\",\"@id\":\"https:\\\/\\\/itervitis.eu\\\/fr\\\/#\\\/schema\\\/logo\\\/image\\\/\",\"url\":\"https:\\\/\\\/itervitis.eu\\\/wp-content\\\/uploads\\\/2020\\\/02\\\/itervitis-logo.png\",\"contentUrl\":\"https:\\\/\\\/itervitis.eu\\\/wp-content\\\/uploads\\\/2020\\\/02\\\/itervitis-logo.png\",\"width\":980,\"height\":1110,\"caption\":\"Itervitis\"},\"image\":{\"@id\":\"https:\\\/\\\/itervitis.eu\\\/fr\\\/#\\\/schema\\\/logo\\\/image\\\/\"}}]}<\/script>\n<!-- \/ Yoast SEO plugin. -->","yoast_head_json":{"title":"La F\u00e9d\u00e9ration - Itervitis","robots":{"index":"index","follow":"follow","max-snippet":"max-snippet:-1","max-image-preview":"max-image-preview:large","max-video-preview":"max-video-preview:-1"},"canonical":"https:\/\/itervitis.eu\/fr\/la-federation\/","og_locale":"fr_FR","og_type":"article","og_title":"La F\u00e9d\u00e9ration - Itervitis","og_description":"La F\u00e9d\u00e9ration europ\u00e9enne Iter Vitis Le\u00a0F\u00e9d\u00e9ration europ\u00e9enne Iter Vitis\u00a0est une association \u00e0 but non lucratif de dur\u00e9e ind\u00e9termin\u00e9e, issue de l&rsquo;Association internationale Iter Vitis fond\u00e9e en Sambuca di Sicilia (Ag-Sicile) en 2007 dans le but principal de promouvoir, valoriser et sauvegarder l&rsquo;h\u00e9ritage tangible et intangible \u00e0 travers\u00a0la cr\u00e9ation et la gestion de la route \u00ab\u00a0Iter [&hellip;]","og_url":"https:\/\/itervitis.eu\/fr\/la-federation\/","og_site_name":"Itervitis","article_modified_time":"2025-09-25T11:29:38+00:00","og_image":[{"width":1260,"height":840,"url":"https:\/\/itervitis.eu\/wp-content\/uploads\/2019\/11\/routes-of-europe.jpg","type":"image\/jpeg"}],"twitter_card":"summary_large_image","twitter_misc":{"Dur\u00e9e de lecture estim\u00e9e":"5 minutes"},"schema":{"@context":"https:\/\/schema.org","@graph":[{"@type":"WebPage","@id":"https:\/\/itervitis.eu\/fr\/la-federation\/","url":"https:\/\/itervitis.eu\/fr\/la-federation\/","name":"La F\u00e9d\u00e9ration - Itervitis","isPartOf":{"@id":"https:\/\/itervitis.eu\/fr\/#website"},"primaryImageOfPage":{"@id":"https:\/\/itervitis.eu\/fr\/la-federation\/#primaryimage"},"image":{"@id":"https:\/\/itervitis.eu\/fr\/la-federation\/#primaryimage"},"thumbnailUrl":"https:\/\/itervitis.eu\/wp-content\/uploads\/2019\/11\/routes-of-europe-1200x385.jpg","datePublished":"2019-11-07T15:36:16+00:00","dateModified":"2025-09-25T11:29:38+00:00","breadcrumb":{"@id":"https:\/\/itervitis.eu\/fr\/la-federation\/#breadcrumb"},"inLanguage":"fr-FR","potentialAction":[{"@type":"ReadAction","target":["https:\/\/itervitis.eu\/fr\/la-federation\/"]}]},{"@type":"ImageObject","inLanguage":"fr-FR","@id":"https:\/\/itervitis.eu\/fr\/la-federation\/#primaryimage","url":"https:\/\/itervitis.eu\/wp-content\/uploads\/2019\/11\/routes-of-europe-1200x385.jpg","contentUrl":"https:\/\/itervitis.eu\/wp-content\/uploads\/2019\/11\/routes-of-europe-1200x385.jpg"},{"@type":"BreadcrumbList","@id":"https:\/\/itervitis.eu\/fr\/la-federation\/#breadcrumb","itemListElement":[{"@type":"ListItem","position":1,"name":"Home","item":"https:\/\/itervitis.eu\/fr\/"},{"@type":"ListItem","position":2,"name":"La F\u00e9d\u00e9ration"}]},{"@type":"WebSite","@id":"https:\/\/itervitis.eu\/fr\/#website","url":"https:\/\/itervitis.eu\/fr\/","name":"Itervitis","description":"Les Chemins de la Vigne","publisher":{"@id":"https:\/\/itervitis.eu\/fr\/#organization"},"potentialAction":[{"@type":"SearchAction","target":{"@type":"EntryPoint","urlTemplate":"https:\/\/itervitis.eu\/fr\/?s={search_term_string}"},"query-input":{"@type":"PropertyValueSpecification","valueRequired":true,"valueName":"search_term_string"}}],"inLanguage":"fr-FR"},{"@type":"Organization","@id":"https:\/\/itervitis.eu\/fr\/#organization","name":"Itervitis","url":"https:\/\/itervitis.eu\/fr\/","logo":{"@type":"ImageObject","inLanguage":"fr-FR","@id":"https:\/\/itervitis.eu\/fr\/#\/schema\/logo\/image\/","url":"https:\/\/itervitis.eu\/wp-content\/uploads\/2020\/02\/itervitis-logo.png","contentUrl":"https:\/\/itervitis.eu\/wp-content\/uploads\/2020\/02\/itervitis-logo.png","width":980,"height":1110,"caption":"Itervitis"},"image":{"@id":"https:\/\/itervitis.eu\/fr\/#\/schema\/logo\/image\/"}}]}},"featured_image_src":null,"featured_image_src_square":null,"_links":{"self":[{"href":"https:\/\/itervitis.eu\/fr\/wp-json\/wp\/v2\/pages\/344","targetHints":{"allow":["GET"]}}],"collection":[{"href":"https:\/\/itervitis.eu\/fr\/wp-json\/wp\/v2\/pages"}],"about":[{"href":"https:\/\/itervitis.eu\/fr\/wp-json\/wp\/v2\/types\/page"}],"author":[{"embeddable":true,"href":"https:\/\/itervitis.eu\/fr\/wp-json\/wp\/v2\/users\/4"}],"replies":[{"embeddable":true,"href":"https:\/\/itervitis.eu\/fr\/wp-json\/wp\/v2\/comments?post=344"}],"version-history":[{"count":6,"href":"https:\/\/itervitis.eu\/fr\/wp-json\/wp\/v2\/pages\/344\/revisions"}],"predecessor-version":[{"id":3756,"href":"https:\/\/itervitis.eu\/fr\/wp-json\/wp\/v2\/pages\/344\/revisions\/3756"}],"wp:attachment":[{"href":"https:\/\/itervitis.eu\/fr\/wp-json\/wp\/v2\/media?parent=344"}],"curies":[{"name":"wp","href":"https:\/\/api.w.org\/{rel}","templated":true}]}}